{"id":854,"date":"2023-06-21T11:16:00","date_gmt":"2023-06-21T10:16:00","guid":{"rendered":"https:\/\/fontemaggiobedandbreakfast.it\/unser-fruehstueck\/"},"modified":"2023-07-10T15:59:41","modified_gmt":"2023-07-10T14:59:41","slug":"unser-fruehstueck","status":"publish","type":"page","link":"https:\/\/fontemaggiobedandbreakfast.it\/de\/unser-fruehstueck\/","title":{"rendered":"Unser Fr\u00fchst\u00fcck"},"content":{"rendered":"<section class=\"l-section wpb_row us_custom_3b52b4dd height_auto width_full\"><div class=\"l-section-h i-cf\"><div class=\"g-cols vc_row via_grid cols_1 laptops-cols_inherit tablets-cols_inherit mobiles-cols_1 valign_top type_default stacking_default\"><div class=\"wpb_column vc_column_container\"><div class=\"vc_column-inner\"><div class=\"w-image align_none\"><div class=\"w-image-h\"><img decoding=\"async\" width=\"1920\" height=\"934\" src=\"https:\/\/fontemaggiobedandbreakfast.it\/wp-content\/uploads\/2023\/06\/le-colazioni-cover-Dimora-Fontemaggio_0963c.jpg\" class=\"attachment-full size-full\" alt=\"\" loading=\"lazy\" srcset=\"https:\/\/fontemaggiobedandbreakfast.it\/wp-content\/uploads\/2023\/06\/le-colazioni-cover-Dimora-Fontemaggio_0963c.jpg 1920w, https:\/\/fontemaggiobedandbreakfast.it\/wp-content\/uploads\/2023\/06\/le-colazioni-cover-Dimora-Fontemaggio_0963c-300x146.jpg 300w, https:\/\/fontemaggiobedandbreakfast.it\/wp-content\/uploads\/2023\/06\/le-colazioni-cover-Dimora-Fontemaggio_0963c-1024x498.jpg 1024w\" sizes=\"auto, (max-width: 1920px) 100vw, 1920px\" \/><\/div><\/div><\/div><\/div><\/div><\/div><\/section><section class=\"l-section wpb_row us_custom_ee4b5548 height_auto width_full\"><div class=\"l-section-h i-cf\"><div class=\"g-cols vc_row via_grid cols_2 laptops-cols_inherit tablets-cols_inherit mobiles-cols_1 valign_top type_default stacking_default\"><div class=\"wpb_column vc_column_container us_custom_2ad99fe7\"><div class=\"vc_column-inner\"><div class=\"wpb_text_column us_custom_149501a4\"><div class=\"wpb_wrapper\"><h1>Ein Fr\u00fchst\u00fcck, das Sie nicht vergessen werden<\/h1>\n<\/div><\/div><\/div><\/div><div class=\"wpb_column vc_column_container\"><div class=\"vc_column-inner\"><div class=\"wpb_text_column\"><div class=\"wpb_wrapper\"><p>Am Morgen treffen wir uns zu einem reichhaltigen Fr\u00fchst\u00fcck mit lokalen Produkten. An hausgemachten K\u00f6stlichkeiten wie hausgemachten Kuchen und Keksen herrscht kein Mangel. Obst und Gem\u00fcse werden in den umliegenden gr\u00fcnen H\u00fcgeln angebaut und geerntet. Ein Fr\u00fchst\u00fcck mit Geschmack, Tradition und echter Authentizit\u00e4t.<\/p>\n<p>Es ist eine wichtige Gelegenheit, Vorschl\u00e4ge zu erhalten, wie man seinen Urlaub interessant gestalten kann: die lebhaftesten Erholungsziele, die eigenartigsten und ungew\u00f6hnlichsten Ausfl\u00fcge in die Natur, kulturelle Routen, Tipps f\u00fcr einen erholsamen Aufenthalt, ein Restaurant, ein Museum oder einen Kunstworkshop.<\/p>\n<\/div><\/div><div class=\"w-separator size_small\"><\/div><\/div><\/div><\/div><\/div><\/section><section class=\"l-section wpb_row us_custom_3b52b4dd height_auto width_full\"><div class=\"l-section-h i-cf\"><div class=\"g-cols vc_row via_grid cols_1 laptops-cols_inherit tablets-cols_inherit mobiles-cols_1 valign_middle type_default stacking_default\" style=\"--columns-gap:1rem;\"><div class=\"wpb_column vc_column_container\"><div class=\"vc_column-inner\"><div class=\"w-grid us_grid type_masonry layout_gallery_default cols_2 preload_style_spinner with_isotope\" id=\"us_grid_1\" style=\"--columns:2;--gap:1rem;\" data-filterable=\"true\"><style>@media (max-width:600px){#us_grid_1{--columns:1!important}}.layout_gallery_default .w-grid-item-h{}<\/style><div class=\"w-grid-list\">\t<article class=\"w-grid-item size_1x1 post-600 attachment type-attachment status-inherit hentry\" data-id=\"600\">\r\n\t\t<div class=\"w-grid-item-h\">\r\n\t\t\t\t\t\t\t<a ref=\"magnificPopupGrid\" href=\"https:\/\/fontemaggiobedandbreakfast.it\/wp-content\/uploads\/2023\/06\/Dimora-fontemaggio_0265le-colazioni.jpg\" class=\"w-grid-item-anchor\" aria-label=\"Dimora-fontemaggio_0265le-colazioni\"><\/a>\r\n\t\t\t\t\t\t<div class=\"w-post-elm post_image usg_post_image_1 stretched\"><img loading=\"lazy\" decoding=\"async\" width=\"1600\" height=\"1067\" src=\"https:\/\/fontemaggiobedandbreakfast.it\/wp-content\/uploads\/2023\/06\/Dimora-fontemaggio_0265le-colazioni.jpg\" class=\"attachment-full size-full\" alt=\"\" srcset=\"https:\/\/fontemaggiobedandbreakfast.it\/wp-content\/uploads\/2023\/06\/Dimora-fontemaggio_0265le-colazioni.jpg 1600w, https:\/\/fontemaggiobedandbreakfast.it\/wp-content\/uploads\/2023\/06\/Dimora-fontemaggio_0265le-colazioni-300x200.jpg 300w, https:\/\/fontemaggiobedandbreakfast.it\/wp-content\/uploads\/2023\/06\/Dimora-fontemaggio_0265le-colazioni-1024x683.jpg 1024w\" sizes=\"auto, (max-width: 1600px) 100vw, 1600px\" \/><\/div>\t\t<\/div>\r\n\t\t\t<\/article>\r\n\t<article class=\"w-grid-item size_1x1 post-602 attachment type-attachment status-inherit hentry\" data-id=\"602\">\r\n\t\t<div class=\"w-grid-item-h\">\r\n\t\t\t\t\t\t\t<a ref=\"magnificPopupGrid\" href=\"https:\/\/fontemaggiobedandbreakfast.it\/wp-content\/uploads\/2023\/06\/Dimora-fontemaggio_0278le-colazioni.jpg\" class=\"w-grid-item-anchor\" aria-label=\"Dimora-fontemaggio_0278le-colazioni\"><\/a>\r\n\t\t\t\t\t\t<div class=\"w-post-elm post_image usg_post_image_1 stretched\"><img loading=\"lazy\" decoding=\"async\" width=\"1600\" height=\"1067\" src=\"https:\/\/fontemaggiobedandbreakfast.it\/wp-content\/uploads\/2023\/06\/Dimora-fontemaggio_0278le-colazioni.jpg\" class=\"attachment-full size-full\" alt=\"\" srcset=\"https:\/\/fontemaggiobedandbreakfast.it\/wp-content\/uploads\/2023\/06\/Dimora-fontemaggio_0278le-colazioni.jpg 1600w, https:\/\/fontemaggiobedandbreakfast.it\/wp-content\/uploads\/2023\/06\/Dimora-fontemaggio_0278le-colazioni-300x200.jpg 300w, https:\/\/fontemaggiobedandbreakfast.it\/wp-content\/uploads\/2023\/06\/Dimora-fontemaggio_0278le-colazioni-1024x683.jpg 1024w\" sizes=\"auto, (max-width: 1600px) 100vw, 1600px\" \/><\/div>\t\t<\/div>\r\n\t\t\t<\/article>\r\n\t<article class=\"w-grid-item size_1x1 post-612 attachment type-attachment status-inherit hentry\" data-id=\"612\">\r\n\t\t<div class=\"w-grid-item-h\">\r\n\t\t\t\t\t\t\t<a ref=\"magnificPopupGrid\" href=\"https:\/\/fontemaggiobedandbreakfast.it\/wp-content\/uploads\/2023\/06\/Dimora-fontemaggio_0314le-colazioni.jpg\" class=\"w-grid-item-anchor\" aria-label=\"Dimora-fontemaggio_0314le-colazioni\"><\/a>\r\n\t\t\t\t\t\t<div class=\"w-post-elm post_image usg_post_image_1 stretched\"><img loading=\"lazy\" decoding=\"async\" width=\"1067\" height=\"1600\" src=\"https:\/\/fontemaggiobedandbreakfast.it\/wp-content\/uploads\/2023\/06\/Dimora-fontemaggio_0314le-colazioni.jpg\" class=\"attachment-full size-full\" alt=\"\" srcset=\"https:\/\/fontemaggiobedandbreakfast.it\/wp-content\/uploads\/2023\/06\/Dimora-fontemaggio_0314le-colazioni.jpg 1067w, https:\/\/fontemaggiobedandbreakfast.it\/wp-content\/uploads\/2023\/06\/Dimora-fontemaggio_0314le-colazioni-200x300.jpg 200w, https:\/\/fontemaggiobedandbreakfast.it\/wp-content\/uploads\/2023\/06\/Dimora-fontemaggio_0314le-colazioni-683x1024.jpg 683w\" sizes=\"auto, (max-width: 1067px) 100vw, 1067px\" \/><\/div>\t\t<\/div>\r\n\t\t\t<\/article>\r\n\t<article class=\"w-grid-item size_1x1 post-604 attachment type-attachment status-inherit hentry\" data-id=\"604\">\r\n\t\t<div class=\"w-grid-item-h\">\r\n\t\t\t\t\t\t\t<a ref=\"magnificPopupGrid\" href=\"https:\/\/fontemaggiobedandbreakfast.it\/wp-content\/uploads\/2023\/06\/Dimora-fontemaggio_0284le-colazioni.jpg\" class=\"w-grid-item-anchor\" aria-label=\"Dimora-fontemaggio_0284le-colazioni\"><\/a>\r\n\t\t\t\t\t\t<div class=\"w-post-elm post_image usg_post_image_1 stretched\"><img loading=\"lazy\" decoding=\"async\" width=\"1600\" height=\"965\" src=\"https:\/\/fontemaggiobedandbreakfast.it\/wp-content\/uploads\/2023\/06\/Dimora-fontemaggio_0284le-colazioni.jpg\" class=\"attachment-full size-full\" alt=\"\" srcset=\"https:\/\/fontemaggiobedandbreakfast.it\/wp-content\/uploads\/2023\/06\/Dimora-fontemaggio_0284le-colazioni.jpg 1600w, https:\/\/fontemaggiobedandbreakfast.it\/wp-content\/uploads\/2023\/06\/Dimora-fontemaggio_0284le-colazioni-300x181.jpg 300w, https:\/\/fontemaggiobedandbreakfast.it\/wp-content\/uploads\/2023\/06\/Dimora-fontemaggio_0284le-colazioni-1024x618.jpg 1024w\" sizes=\"auto, (max-width: 1600px) 100vw, 1600px\" \/><\/div>\t\t<\/div>\r\n\t\t\t<\/article>\r\n\t<article class=\"w-grid-item size_1x1 post-596 attachment type-attachment status-inherit hentry\" data-id=\"596\">\r\n\t\t<div class=\"w-grid-item-h\">\r\n\t\t\t\t\t\t\t<a ref=\"magnificPopupGrid\" href=\"https:\/\/fontemaggiobedandbreakfast.it\/wp-content\/uploads\/2023\/06\/Dimora-fontemaggio_0379le-colazioni.jpg\" class=\"w-grid-item-anchor\" aria-label=\"Dimora-fontemaggio_0379le-colazioni\"><\/a>\r\n\t\t\t\t\t\t<div class=\"w-post-elm post_image usg_post_image_1 stretched\"><img loading=\"lazy\" decoding=\"async\" width=\"1600\" height=\"987\" src=\"https:\/\/fontemaggiobedandbreakfast.it\/wp-content\/uploads\/2023\/06\/Dimora-fontemaggio_0379le-colazioni.jpg\" class=\"attachment-full size-full\" alt=\"\" srcset=\"https:\/\/fontemaggiobedandbreakfast.it\/wp-content\/uploads\/2023\/06\/Dimora-fontemaggio_0379le-colazioni.jpg 1600w, https:\/\/fontemaggiobedandbreakfast.it\/wp-content\/uploads\/2023\/06\/Dimora-fontemaggio_0379le-colazioni-300x185.jpg 300w, https:\/\/fontemaggiobedandbreakfast.it\/wp-content\/uploads\/2023\/06\/Dimora-fontemaggio_0379le-colazioni-1024x632.jpg 1024w\" sizes=\"auto, (max-width: 1600px) 100vw, 1600px\" \/><\/div>\t\t<\/div>\r\n\t\t\t<\/article>\r\n\t<article class=\"w-grid-item size_1x1 post-614 attachment type-attachment status-inherit hentry\" data-id=\"614\">\r\n\t\t<div class=\"w-grid-item-h\">\r\n\t\t\t\t\t\t\t<a ref=\"magnificPopupGrid\" href=\"https:\/\/fontemaggiobedandbreakfast.it\/wp-content\/uploads\/2023\/06\/Dimora-fontemaggio_0330le-colazioni.jpg\" class=\"w-grid-item-anchor\" aria-label=\"Dimora-fontemaggio_0330le-colazioni\"><\/a>\r\n\t\t\t\t\t\t<div class=\"w-post-elm post_image usg_post_image_1 stretched\"><img loading=\"lazy\" decoding=\"async\" width=\"1600\" height=\"1067\" src=\"https:\/\/fontemaggiobedandbreakfast.it\/wp-content\/uploads\/2023\/06\/Dimora-fontemaggio_0330le-colazioni.jpg\" class=\"attachment-full size-full\" alt=\"\" srcset=\"https:\/\/fontemaggiobedandbreakfast.it\/wp-content\/uploads\/2023\/06\/Dimora-fontemaggio_0330le-colazioni.jpg 1600w, https:\/\/fontemaggiobedandbreakfast.it\/wp-content\/uploads\/2023\/06\/Dimora-fontemaggio_0330le-colazioni-300x200.jpg 300w, https:\/\/fontemaggiobedandbreakfast.it\/wp-content\/uploads\/2023\/06\/Dimora-fontemaggio_0330le-colazioni-1024x683.jpg 1024w\" sizes=\"auto, (max-width: 1600px) 100vw, 1600px\" \/><\/div>\t\t<\/div>\r\n\t\t\t<\/article>\r\n\t<article class=\"w-grid-item size_1x1 post-616 attachment type-attachment status-inherit hentry\" data-id=\"616\">\r\n\t\t<div class=\"w-grid-item-h\">\r\n\t\t\t\t\t\t\t<a ref=\"magnificPopupGrid\" href=\"https:\/\/fontemaggiobedandbreakfast.it\/wp-content\/uploads\/2023\/06\/Dimora-fontemaggio_0358le-colazioni.jpg\" class=\"w-grid-item-anchor\" aria-label=\"Dimora-fontemaggio_0358le-colazioni\"><\/a>\r\n\t\t\t\t\t\t<div class=\"w-post-elm post_image usg_post_image_1 stretched\"><img loading=\"lazy\" decoding=\"async\" width=\"1600\" height=\"1067\" src=\"https:\/\/fontemaggiobedandbreakfast.it\/wp-content\/uploads\/2023\/06\/Dimora-fontemaggio_0358le-colazioni.jpg\" class=\"attachment-full size-full\" alt=\"\" srcset=\"https:\/\/fontemaggiobedandbreakfast.it\/wp-content\/uploads\/2023\/06\/Dimora-fontemaggio_0358le-colazioni.jpg 1600w, https:\/\/fontemaggiobedandbreakfast.it\/wp-content\/uploads\/2023\/06\/Dimora-fontemaggio_0358le-colazioni-300x200.jpg 300w, https:\/\/fontemaggiobedandbreakfast.it\/wp-content\/uploads\/2023\/06\/Dimora-fontemaggio_0358le-colazioni-1024x683.jpg 1024w\" sizes=\"auto, (max-width: 1600px) 100vw, 1600px\" \/><\/div>\t\t<\/div>\r\n\t\t\t<\/article>\r\n<\/div>\t<div class=\"w-grid-preloader\">\r\n\t\t<div class=\"g-preloader type_1\">\r\n\t\t\t<div><\/div>\r\n\t\t<\/div>\r\n\t<\/div>\r\n\t\t<div class=\"w-grid-json hidden\" onclick='return {&quot;action&quot;:&quot;us_ajax_grid&quot;,&quot;infinite_scroll&quot;:0,&quot;max_num_pages&quot;:1,&quot;pagination&quot;:&quot;none&quot;,&quot;template_vars&quot;:{&quot;columns&quot;:&quot;2&quot;,&quot;exclude_items&quot;:&quot;none&quot;,&quot;img_size&quot;:&quot;full&quot;,&quot;ignore_items_size&quot;:0,&quot;items_layout&quot;:&quot;gallery_default&quot;,&quot;items_offset&quot;:&quot;1&quot;,&quot;load_animation&quot;:&quot;none&quot;,&quot;overriding_link&quot;:&quot;%7B%22type%22%3A%22popup_image%22%7D&quot;,&quot;post_id&quot;:0,&quot;query_args&quot;:{&quot;post_type&quot;:[&quot;attachment&quot;],&quot;post__in&quot;:[&quot;238&quot;,&quot;239&quot;,&quot;244&quot;,&quot;240&quot;,&quot;236&quot;,&quot;245&quot;,&quot;246&quot;],&quot;post_status&quot;:&quot;inherit&quot;,&quot;post_mime_type&quot;:&quot;image&quot;,&quot;posts_per_page&quot;:&quot;100&quot;},&quot;orderby_query_args&quot;:{&quot;orderby&quot;:{&quot;post__in&quot;:&quot;ASC&quot;},&quot;order&quot;:&quot;ASC&quot;},&quot;type&quot;:&quot;masonry&quot;,&quot;us_grid_post_type&quot;:&quot;attachment&quot;,&quot;us_grid_ajax_index&quot;:1,&quot;us_grid_filter_query_string&quot;:null,&quot;us_grid_index&quot;:1,&quot;page_args&quot;:[],&quot;lang&quot;:&quot;de&quot;}}'><\/div>\r\n\t<\/div><\/div><\/div><\/div><\/div><\/section><section class=\"l-section wpb_row height_small\"><div class=\"l-section-h i-cf\"><div class=\"g-cols vc_row via_grid cols_1 laptops-cols_inherit tablets-cols_inherit mobiles-cols_1 valign_top type_default stacking_default\"><div class=\"wpb_column vc_column_container\"><div class=\"vc_column-inner\"><\/div><\/div><\/div><\/div><\/section><section class=\"l-section wpb_row us_custom_0d15be52 height_small\" id=\"Tarifstandard\"><div class=\"l-section-h i-cf\"><div class=\"g-cols vc_row via_grid cols_1 laptops-cols_inherit tablets-cols_inherit mobiles-cols_1 valign_middle type_default stacking_default\"><div class=\"wpb_column vc_column_container\"><div class=\"vc_column-inner\"><section class=\"l-section wpb_row height_small\"><div class=\"l-section-h i-cf\"><div class=\"g-cols vc_row via_grid cols_1 laptops-cols_inherit tablets-cols_inherit mobiles-cols_1 valign_top type_default stacking_default\"><div class=\"wpb_column vc_column_container\"><div class=\"vc_column-inner\"><div class=\"wpb_text_column\"><div class=\"wpb_wrapper\"><h3>Bedingungen f\u00fcr den Aufenthalt<\/h3>\n<\/div><\/div><div class=\"w-separator size_small\"><\/div><div class=\"wpb_text_column\"><div class=\"wpb_wrapper\"><p><strong>Check In:<\/strong> von 8:00 bis 22:00 Uhr, immer mit vorheriger Anmeldung unter 349 1235286<br \/>\n<strong>Auschecken:<\/strong> 11:00 Uhr.<br \/>\nSie m\u00fcssen Ihr Zimmer bis 11 Uhr verlassen, k\u00f6nnen aber den ganzen Tag \u00fcber die Gemeinschaftsr\u00e4ume au\u00dferhalb des Bed &amp; Breakfast nutzen<\/p>\n<\/div><\/div><div class=\"w-separator size_medium\"><\/div><div class=\"w-hwrapper hide_on_tablets hide_on_mobiles valign_top align_center\" style=\"--hwrapper-gap:1.20rem\"><div class=\"w-btn-wrapper align_none\"><a class=\"w-btn us-btn-style_2\" href=\"#\"><span class=\"w-btn-label\">VERF\u00dcGBARKEIT PR\u00dcFEN<\/span><\/a><\/div><div class=\"w-btn-wrapper align_none\"><a class=\"w-btn us-btn-style_2\" title=\"Unsere Dienstleistungen\" href=\"https:\/\/fontemaggiobedandbreakfast.it\/de\/unsere-dienstleistungen\/\"><span class=\"w-btn-label\">UNSERE DIENSTLEISTUNGEN<\/span><\/a><\/div><div class=\"w-btn-wrapper align_none\"><a class=\"w-btn us-btn-style_2\" title=\"Kontakte\" href=\"https:\/\/fontemaggiobedandbreakfast.it\/de\/kontakte\/\"><span class=\"w-btn-label\">INFORMATIONEN ANFORDERN<\/span><\/a><\/div><\/div><div class=\"w-hwrapper hide_on_tablets hide_on_mobiles valign_top align_center\" style=\"--hwrapper-gap:1.20rem\"><\/div><\/div><\/div><\/div><\/div><\/section><section class=\"l-section wpb_row hide_on_default hide_on_laptops height_small\"><div class=\"l-section-h i-cf\"><div class=\"g-cols vc_row via_grid cols_1 laptops-cols_inherit tablets-cols_inherit mobiles-cols_1 valign_top type_default stacking_default\"><div class=\"wpb_column vc_column_container\"><div class=\"vc_column-inner\"><div class=\"w-btn-wrapper align_center\"><a class=\"w-btn us-btn-style_2\" href=\"#\"><span class=\"w-btn-label\">VERF\u00dcGBARKEIT PR\u00dcFEN<\/span><\/a><\/div><div class=\"w-btn-wrapper align_center\"><a class=\"w-btn us-btn-style_2\" title=\"Unsere Dienstleistungen\" href=\"https:\/\/neverlandstudio.it\/i-nostri-servizi\/\"><span class=\"w-btn-label\">UNSERE DIENSTLEISTUNGEN<\/span><\/a><\/div><div class=\"w-btn-wrapper align_center\"><a class=\"w-btn us-btn-style_2\" title=\"Kontakte\" href=\"https:\/\/fontemaggiobedandbreakfast.it\/de\/kontakte\/\"><span class=\"w-btn-label\">INFORMATIONEN ANFORDERN<\/span><\/a><\/div><\/div><\/div><\/div><\/div><\/section>\n<\/div><\/div><\/div><\/div><\/section>\n","protected":false},"excerpt":{"rendered":"","protected":false},"author":1,"featured_media":0,"parent":0,"menu_order":0,"comment_status":"closed","ping_status":"open","template":"","meta":{"footnotes":""},"class_list":["post-854","page","type-page","status-publish","hentry"],"yoast_head":"<!-- This site is optimized with the Yoast SEO plugin v27.1.1 - https:\/\/yoast.com\/product\/yoast-seo-wordpress\/ -->\n<title>Unser Fr\u00fchst\u00fcck - Dimora Fontemaggio<\/title>\n<meta name=\"robots\" content=\"index, follow, max-snippet:-1, max-image-preview:large, max-video-preview:-1\" \/>\n<link rel=\"canonical\" href=\"https:\/\/fontemaggiobedandbreakfast.it\/de\/unser-fruehstueck\/\" \/>\n<meta property=\"og:locale\" content=\"de_DE\" \/>\n<meta property=\"og:type\" content=\"article\" \/>\n<meta property=\"og:title\" content=\"Unser Fr\u00fchst\u00fcck - Dimora Fontemaggio\" \/>\n<meta property=\"og:url\" content=\"https:\/\/fontemaggiobedandbreakfast.it\/de\/unser-fruehstueck\/\" \/>\n<meta property=\"og:site_name\" content=\"Dimora Fontemaggio\" \/>\n<meta property=\"article:modified_time\" content=\"2023-07-10T14:59:41+00:00\" \/>\n<meta name=\"twitter:card\" content=\"summary_large_image\" \/>\n<meta name=\"twitter:label1\" content=\"Gesch\u00e4tzte Lesezeit\" \/>\n\t<meta name=\"twitter:data1\" content=\"2\u00a0Minuten\" \/>\n<script type=\"application\/ld+json\" class=\"yoast-schema-graph\">{\"@context\":\"https:\/\/schema.org\",\"@graph\":[{\"@type\":\"WebPage\",\"@id\":\"https:\/\/fontemaggiobedandbreakfast.it\/de\/unser-fruehstueck\/\",\"url\":\"https:\/\/fontemaggiobedandbreakfast.it\/de\/unser-fruehstueck\/\",\"name\":\"Unser Fr\u00fchst\u00fcck - Dimora Fontemaggio\",\"isPartOf\":{\"@id\":\"https:\/\/fontemaggiobedandbreakfast.it\/de\/#website\"},\"datePublished\":\"2023-06-21T10:16:00+00:00\",\"dateModified\":\"2023-07-10T14:59:41+00:00\",\"breadcrumb\":{\"@id\":\"https:\/\/fontemaggiobedandbreakfast.it\/de\/unser-fruehstueck\/#breadcrumb\"},\"inLanguage\":\"de\",\"potentialAction\":[{\"@type\":\"ReadAction\",\"target\":[\"https:\/\/fontemaggiobedandbreakfast.it\/de\/unser-fruehstueck\/\"]}]},{\"@type\":\"BreadcrumbList\",\"@id\":\"https:\/\/fontemaggiobedandbreakfast.it\/de\/unser-fruehstueck\/#breadcrumb\",\"itemListElement\":[{\"@type\":\"ListItem\",\"position\":1,\"name\":\"Home\",\"item\":\"https:\/\/fontemaggiobedandbreakfast.it\/de\/\"},{\"@type\":\"ListItem\",\"position\":2,\"name\":\"Unser Fr\u00fchst\u00fcck\"}]},{\"@type\":\"WebSite\",\"@id\":\"https:\/\/fontemaggiobedandbreakfast.it\/de\/#website\",\"url\":\"https:\/\/fontemaggiobedandbreakfast.it\/de\/\",\"name\":\"Dimora Fontemaggio\",\"description\":\"\",\"potentialAction\":[{\"@type\":\"SearchAction\",\"target\":{\"@type\":\"EntryPoint\",\"urlTemplate\":\"https:\/\/fontemaggiobedandbreakfast.it\/de\/?s={search_term_string}\"},\"query-input\":{\"@type\":\"PropertyValueSpecification\",\"valueRequired\":true,\"valueName\":\"search_term_string\"}}],\"inLanguage\":\"de\"}]}<\/script>\n<!-- \/ Yoast SEO plugin. -->","yoast_head_json":{"title":"Unser Fr\u00fchst\u00fcck - Dimora Fontemaggio","robots":{"index":"index","follow":"follow","max-snippet":"max-snippet:-1","max-image-preview":"max-image-preview:large","max-video-preview":"max-video-preview:-1"},"canonical":"https:\/\/fontemaggiobedandbreakfast.it\/de\/unser-fruehstueck\/","og_locale":"de_DE","og_type":"article","og_title":"Unser Fr\u00fchst\u00fcck - Dimora Fontemaggio","og_url":"https:\/\/fontemaggiobedandbreakfast.it\/de\/unser-fruehstueck\/","og_site_name":"Dimora Fontemaggio","article_modified_time":"2023-07-10T14:59:41+00:00","twitter_card":"summary_large_image","twitter_misc":{"Gesch\u00e4tzte Lesezeit":"2\u00a0Minuten"},"schema":{"@context":"https:\/\/schema.org","@graph":[{"@type":"WebPage","@id":"https:\/\/fontemaggiobedandbreakfast.it\/de\/unser-fruehstueck\/","url":"https:\/\/fontemaggiobedandbreakfast.it\/de\/unser-fruehstueck\/","name":"Unser Fr\u00fchst\u00fcck - Dimora Fontemaggio","isPartOf":{"@id":"https:\/\/fontemaggiobedandbreakfast.it\/de\/#website"},"datePublished":"2023-06-21T10:16:00+00:00","dateModified":"2023-07-10T14:59:41+00:00","breadcrumb":{"@id":"https:\/\/fontemaggiobedandbreakfast.it\/de\/unser-fruehstueck\/#breadcrumb"},"inLanguage":"de","potentialAction":[{"@type":"ReadAction","target":["https:\/\/fontemaggiobedandbreakfast.it\/de\/unser-fruehstueck\/"]}]},{"@type":"BreadcrumbList","@id":"https:\/\/fontemaggiobedandbreakfast.it\/de\/unser-fruehstueck\/#breadcrumb","itemListElement":[{"@type":"ListItem","position":1,"name":"Home","item":"https:\/\/fontemaggiobedandbreakfast.it\/de\/"},{"@type":"ListItem","position":2,"name":"Unser Fr\u00fchst\u00fcck"}]},{"@type":"WebSite","@id":"https:\/\/fontemaggiobedandbreakfast.it\/de\/#website","url":"https:\/\/fontemaggiobedandbreakfast.it\/de\/","name":"Dimora Fontemaggio","description":"","potentialAction":[{"@type":"SearchAction","target":{"@type":"EntryPoint","urlTemplate":"https:\/\/fontemaggiobedandbreakfast.it\/de\/?s={search_term_string}"},"query-input":{"@type":"PropertyValueSpecification","valueRequired":true,"valueName":"search_term_string"}}],"inLanguage":"de"}]}},"_links":{"self":[{"href":"https:\/\/fontemaggiobedandbreakfast.it\/de\/wp-json\/wp\/v2\/pages\/854","targetHints":{"allow":["GET"]}}],"collection":[{"href":"https:\/\/fontemaggiobedandbreakfast.it\/de\/wp-json\/wp\/v2\/pages"}],"about":[{"href":"https:\/\/fontemaggiobedandbreakfast.it\/de\/wp-json\/wp\/v2\/types\/page"}],"author":[{"embeddable":true,"href":"https:\/\/fontemaggiobedandbreakfast.it\/de\/wp-json\/wp\/v2\/users\/1"}],"replies":[{"embeddable":true,"href":"https:\/\/fontemaggiobedandbreakfast.it\/de\/wp-json\/wp\/v2\/comments?post=854"}],"version-history":[{"count":2,"href":"https:\/\/fontemaggiobedandbreakfast.it\/de\/wp-json\/wp\/v2\/pages\/854\/revisions"}],"predecessor-version":[{"id":856,"href":"https:\/\/fontemaggiobedandbreakfast.it\/de\/wp-json\/wp\/v2\/pages\/854\/revisions\/856"}],"wp:attachment":[{"href":"https:\/\/fontemaggiobedandbreakfast.it\/de\/wp-json\/wp\/v2\/media?parent=854"}],"curies":[{"name":"wp","href":"https:\/\/api.w.org\/{rel}","templated":true}]}}