{"id":845,"date":"2023-06-21T12:42:34","date_gmt":"2023-06-21T11:42:34","guid":{"rendered":"https:\/\/fontemaggiobedandbreakfast.it\/the-loggia-of-the-poor-unsere-geschichte\/"},"modified":"2023-07-10T15:59:08","modified_gmt":"2023-07-10T14:59:08","slug":"the-loggia-of-the-poor-unsere-geschichte","status":"publish","type":"page","link":"https:\/\/fontemaggiobedandbreakfast.it\/de\/the-loggia-of-the-poor-unsere-geschichte\/","title":{"rendered":"THE LOGGIA OF THE POOR &#8211; Unsere Geschichte"},"content":{"rendered":"<section class=\"l-section wpb_row us_custom_3b52b4dd height_auto width_full\"><div class=\"l-section-h i-cf\"><div class=\"g-cols vc_row via_grid cols_1 laptops-cols_inherit tablets-cols_inherit mobiles-cols_1 valign_top type_default stacking_default\"><div class=\"wpb_column vc_column_container\"><div class=\"vc_column-inner\"><div class=\"w-image align_none\"><div class=\"w-image-h\"><img decoding=\"async\" width=\"1920\" height=\"850\" src=\"https:\/\/fontemaggiobedandbreakfast.it\/wp-content\/uploads\/2023\/06\/Dimora-fontemaggio_la-loggia-dei-poveri-cover.jpg\" class=\"attachment-full size-full\" alt=\"\" loading=\"lazy\" srcset=\"https:\/\/fontemaggiobedandbreakfast.it\/wp-content\/uploads\/2023\/06\/Dimora-fontemaggio_la-loggia-dei-poveri-cover.jpg 1920w, https:\/\/fontemaggiobedandbreakfast.it\/wp-content\/uploads\/2023\/06\/Dimora-fontemaggio_la-loggia-dei-poveri-cover-300x133.jpg 300w, https:\/\/fontemaggiobedandbreakfast.it\/wp-content\/uploads\/2023\/06\/Dimora-fontemaggio_la-loggia-dei-poveri-cover-1024x453.jpg 1024w\" sizes=\"auto, (max-width: 1920px) 100vw, 1920px\" \/><\/div><\/div><\/div><\/div><\/div><\/div><\/section><section class=\"l-section wpb_row us_custom_ee4b5548 height_auto width_full\"><div class=\"l-section-h i-cf\"><div class=\"g-cols vc_row via_grid cols_2 laptops-cols_inherit tablets-cols_inherit mobiles-cols_1 valign_bottom type_default stacking_default\"><div class=\"wpb_column vc_column_container us_custom_2ad99fe7\"><div class=\"vc_column-inner\"><div class=\"wpb_text_column us_custom_74e066d2 has_text_color\"><div class=\"wpb_wrapper\"><h2>RESIDENZ FONTEMAGGIO<\/h2>\n<\/div><\/div><div class=\"wpb_text_column us_custom_149501a4\"><div class=\"wpb_wrapper\"><h2>Zwischen Geschichte und Tradition.<br \/>\nDie H\u00fctte des armen Mannes<\/h2>\n<\/div><\/div><div class=\"w-separator size_medium\"><\/div><div class=\"w-image align_none\"><div class=\"w-image-h\"><img decoding=\"async\" width=\"1024\" height=\"642\" src=\"https:\/\/fontemaggiobedandbreakfast.it\/wp-content\/uploads\/2023\/06\/Dimora-Fontemaggio_1176-loggia-dei-poveri-1024x642.jpg\" class=\"attachment-large size-large\" alt=\"\" loading=\"lazy\" srcset=\"https:\/\/fontemaggiobedandbreakfast.it\/wp-content\/uploads\/2023\/06\/Dimora-Fontemaggio_1176-loggia-dei-poveri-1024x642.jpg 1024w, https:\/\/fontemaggiobedandbreakfast.it\/wp-content\/uploads\/2023\/06\/Dimora-Fontemaggio_1176-loggia-dei-poveri-300x188.jpg 300w, https:\/\/fontemaggiobedandbreakfast.it\/wp-content\/uploads\/2023\/06\/Dimora-Fontemaggio_1176-loggia-dei-poveri.jpg 1600w\" sizes=\"auto, (max-width: 1024px) 100vw, 1024px\" \/><\/div><\/div><\/div><\/div><div class=\"wpb_column vc_column_container\"><div class=\"vc_column-inner\"><div class=\"w-separator size_large\"><\/div><div class=\"wpb_text_column\"><div class=\"wpb_wrapper\"><p>Dimora Fontemaggio blickt auf eine lange und umfangreiche Geschichte zur\u00fcck, deren fr\u00fcheste gesicherte Belege auf das Jahr 1500 zur\u00fcckgehen, aber es gibt Hinweise darauf, dass sie wahrscheinlich schon im Mittelalter bewohnt war.<br \/>\nIn diesen Jahrhunderten war es \u00fcblich, die Wohnungen au\u00dferhalb der Festung durch geheime unterirdische G\u00e4nge mit dem Inneren der Burg zu verbinden. Diese G\u00e4nge dienten sowohl als Lager f\u00fcr Lebensmittel und Getr\u00e4nke im Winter und in Friedenszeiten als auch als Geheimg\u00e4nge f\u00fcr diejenigen, die bei Gefahr innerhalb der Burg Zuflucht suchten. Einige dieser Passagen wurden bei der Restaurierung und Renovierung der Dimora Fontemaggio gefunden.<\/p>\n<p>Die historisch bedeutendste Periode war jedoch sicherlich die Zeit zwischen 1700 und 1800.<br \/>\nDas Anwesen war bereits 1813 im gregorianischen Kataster unter der Nummer 1082 eingetragen und als &#8222;gemietetes Haus&#8220; (jetzt &#8222;zweites Haus&#8220;) im Besitz von Antonio Barbizzi, dem Sohn von Angelo, beschrieben.<\/p>\n<p>Nach den Erinnerungen von Artemisia Travaglini, die ein halbes Jahrhundert lang Grundschullehrerin in Cossignano war, war die Familie Barbizzi so wohlhabend, dass sie eine Art Zufluchtsort, die &#8222;Loggia dei Poveri&#8220;, zur Verf\u00fcgung stellen konnte. Die Loggia war ein nach au\u00dfen offener Raum (zwei B\u00f6gen sind heute noch in der Nordostwand des Hauses zu sehen), in dem mittellosen Landstreichern ein Schutz vor Regen, ein Brett zum Hinlegen und ein Laib Brot zum Essen \u00fcberlassen wurde.<br \/>\nDie Tradition der Gastfreundschaft blieb so tief in der Geschichte von Dimora Fontemaggio verwurzelt, dass der n\u00e4chste Besitzer (zwischen 1800 und 1900), Don Guerino Capriotti, den Wunsch \u00e4u\u00dferte, das Haus &#8222;den Reisenden zur Verf\u00fcgung zu stellen, wie einen Seehafen, in dem jeder frei anlanden kann&#8220;.<br \/>\nDas k\u00fcrzlich restaurierte Haus bewahrt in seiner heutigen Nutzung die jahrhundertealte Tradition der Gastfreundschaft.<\/p>\n<\/div><\/div><\/div><\/div><\/div><\/div><\/section><section class=\"l-section wpb_row height_small\"><div class=\"l-section-h i-cf\"><div class=\"g-cols vc_row via_grid cols_1 laptops-cols_inherit tablets-cols_inherit mobiles-cols_1 valign_top type_default stacking_default\"><div class=\"wpb_column vc_column_container\"><div class=\"vc_column-inner\"><\/div><\/div><\/div><\/div><\/section><section class=\"l-section wpb_row us_custom_0d15be52 height_small\" id=\"Tarifstandard\"><div class=\"l-section-h i-cf\"><div class=\"g-cols vc_row via_grid cols_1 laptops-cols_inherit tablets-cols_inherit mobiles-cols_1 valign_middle type_default stacking_default\"><div class=\"wpb_column vc_column_container\"><div class=\"vc_column-inner\"><section class=\"l-section wpb_row height_small\"><div class=\"l-section-h i-cf\"><div class=\"g-cols vc_row via_grid cols_1 laptops-cols_inherit tablets-cols_inherit mobiles-cols_1 valign_top type_default stacking_default\"><div class=\"wpb_column vc_column_container\"><div class=\"vc_column-inner\"><div class=\"wpb_text_column\"><div class=\"wpb_wrapper\"><h3>Bedingungen f\u00fcr den Aufenthalt<\/h3>\n<\/div><\/div><div class=\"w-separator size_small\"><\/div><div class=\"wpb_text_column\"><div class=\"wpb_wrapper\"><p><strong>Check In:<\/strong> von 8:00 bis 22:00 Uhr, immer mit vorheriger Anmeldung unter 349 1235286<br \/>\n<strong>Auschecken:<\/strong> 11:00 Uhr.<br \/>\nSie m\u00fcssen Ihr Zimmer bis 11 Uhr verlassen, k\u00f6nnen aber den ganzen Tag \u00fcber die Gemeinschaftsr\u00e4ume au\u00dferhalb des Bed &amp; Breakfast nutzen<\/p>\n<\/div><\/div><div class=\"w-separator size_medium\"><\/div><div class=\"w-hwrapper hide_on_tablets hide_on_mobiles valign_top align_center\" style=\"--hwrapper-gap:1.20rem\"><div class=\"w-btn-wrapper align_none\"><a class=\"w-btn us-btn-style_2\" href=\"#\"><span class=\"w-btn-label\">VERF\u00dcGBARKEIT PR\u00dcFEN<\/span><\/a><\/div><div class=\"w-btn-wrapper align_none\"><a class=\"w-btn us-btn-style_2\" title=\"Unsere Dienstleistungen\" href=\"https:\/\/fontemaggiobedandbreakfast.it\/de\/unsere-dienstleistungen\/\"><span class=\"w-btn-label\">UNSERE DIENSTLEISTUNGEN<\/span><\/a><\/div><div class=\"w-btn-wrapper align_none\"><a class=\"w-btn us-btn-style_2\" title=\"Kontakte\" href=\"https:\/\/fontemaggiobedandbreakfast.it\/de\/kontakte\/\"><span class=\"w-btn-label\">INFORMATIONEN ANFORDERN<\/span><\/a><\/div><\/div><div class=\"w-hwrapper hide_on_tablets hide_on_mobiles valign_top align_center\" style=\"--hwrapper-gap:1.20rem\"><\/div><\/div><\/div><\/div><\/div><\/section><section class=\"l-section wpb_row hide_on_default hide_on_laptops height_small\"><div class=\"l-section-h i-cf\"><div class=\"g-cols vc_row via_grid cols_1 laptops-cols_inherit tablets-cols_inherit mobiles-cols_1 valign_top type_default stacking_default\"><div class=\"wpb_column vc_column_container\"><div class=\"vc_column-inner\"><div class=\"w-btn-wrapper align_center\"><a class=\"w-btn us-btn-style_2\" href=\"#\"><span class=\"w-btn-label\">VERF\u00dcGBARKEIT PR\u00dcFEN<\/span><\/a><\/div><div class=\"w-btn-wrapper align_center\"><a class=\"w-btn us-btn-style_2\" title=\"Unsere Dienstleistungen\" href=\"https:\/\/neverlandstudio.it\/i-nostri-servizi\/\"><span class=\"w-btn-label\">UNSERE DIENSTLEISTUNGEN<\/span><\/a><\/div><div class=\"w-btn-wrapper align_center\"><a class=\"w-btn us-btn-style_2\" title=\"Kontakte\" href=\"https:\/\/fontemaggiobedandbreakfast.it\/de\/kontakte\/\"><span class=\"w-btn-label\">INFORMATIONEN ANFORDERN<\/span><\/a><\/div><\/div><\/div><\/div><\/div><\/section>\n<\/div><\/div><\/div><\/div><\/section>\n","protected":false},"excerpt":{"rendered":"RESIDENZ FONTEMAGGIO Zwischen Geschichte und Tradition. Die H\u00fctte des armen Mannes Dimora Fontemaggio blickt auf eine lange und umfangreiche Geschichte zur\u00fcck, deren fr\u00fcheste gesicherte Belege auf das Jahr 1500 zur\u00fcckgehen, aber es gibt Hinweise darauf, dass sie wahrscheinlich schon im Mittelalter bewohnt war. In diesen Jahrhunderten war es \u00fcblich, die Wohnungen au\u00dferhalb der Festung durch...","protected":false},"author":1,"featured_media":0,"parent":0,"menu_order":0,"comment_status":"closed","ping_status":"open","template":"","meta":{"footnotes":""},"class_list":["post-845","page","type-page","status-publish","hentry"],"yoast_head":"<!-- This site is optimized with the Yoast SEO plugin v27.1.1 - https:\/\/yoast.com\/product\/yoast-seo-wordpress\/ -->\n<title>THE LOGGIA OF THE POOR - Unsere Geschichte - Dimora Fontemaggio<\/title>\n<meta name=\"robots\" content=\"index, follow, max-snippet:-1, max-image-preview:large, max-video-preview:-1\" \/>\n<link rel=\"canonical\" href=\"https:\/\/fontemaggiobedandbreakfast.it\/de\/the-loggia-of-the-poor-unsere-geschichte\/\" \/>\n<meta property=\"og:locale\" content=\"de_DE\" \/>\n<meta property=\"og:type\" content=\"article\" \/>\n<meta property=\"og:title\" content=\"THE LOGGIA OF THE POOR - Unsere Geschichte - Dimora Fontemaggio\" \/>\n<meta property=\"og:url\" content=\"https:\/\/fontemaggiobedandbreakfast.it\/de\/the-loggia-of-the-poor-unsere-geschichte\/\" \/>\n<meta property=\"og:site_name\" content=\"Dimora Fontemaggio\" \/>\n<meta property=\"article:modified_time\" content=\"2023-07-10T14:59:08+00:00\" \/>\n<meta name=\"twitter:card\" content=\"summary_large_image\" \/>\n<meta name=\"twitter:label1\" content=\"Gesch\u00e4tzte Lesezeit\" \/>\n\t<meta name=\"twitter:data1\" content=\"3\u00a0Minuten\" \/>\n<script type=\"application\/ld+json\" class=\"yoast-schema-graph\">{\"@context\":\"https:\/\/schema.org\",\"@graph\":[{\"@type\":\"WebPage\",\"@id\":\"https:\/\/fontemaggiobedandbreakfast.it\/de\/the-loggia-of-the-poor-unsere-geschichte\/\",\"url\":\"https:\/\/fontemaggiobedandbreakfast.it\/de\/the-loggia-of-the-poor-unsere-geschichte\/\",\"name\":\"THE LOGGIA OF THE POOR - Unsere Geschichte - Dimora Fontemaggio\",\"isPartOf\":{\"@id\":\"https:\/\/fontemaggiobedandbreakfast.it\/de\/#website\"},\"datePublished\":\"2023-06-21T11:42:34+00:00\",\"dateModified\":\"2023-07-10T14:59:08+00:00\",\"breadcrumb\":{\"@id\":\"https:\/\/fontemaggiobedandbreakfast.it\/de\/the-loggia-of-the-poor-unsere-geschichte\/#breadcrumb\"},\"inLanguage\":\"de\",\"potentialAction\":[{\"@type\":\"ReadAction\",\"target\":[\"https:\/\/fontemaggiobedandbreakfast.it\/de\/the-loggia-of-the-poor-unsere-geschichte\/\"]}]},{\"@type\":\"BreadcrumbList\",\"@id\":\"https:\/\/fontemaggiobedandbreakfast.it\/de\/the-loggia-of-the-poor-unsere-geschichte\/#breadcrumb\",\"itemListElement\":[{\"@type\":\"ListItem\",\"position\":1,\"name\":\"Home\",\"item\":\"https:\/\/fontemaggiobedandbreakfast.it\/de\/\"},{\"@type\":\"ListItem\",\"position\":2,\"name\":\"THE LOGGIA OF THE POOR &#8211; Unsere Geschichte\"}]},{\"@type\":\"WebSite\",\"@id\":\"https:\/\/fontemaggiobedandbreakfast.it\/de\/#website\",\"url\":\"https:\/\/fontemaggiobedandbreakfast.it\/de\/\",\"name\":\"Dimora Fontemaggio\",\"description\":\"\",\"potentialAction\":[{\"@type\":\"SearchAction\",\"target\":{\"@type\":\"EntryPoint\",\"urlTemplate\":\"https:\/\/fontemaggiobedandbreakfast.it\/de\/?s={search_term_string}\"},\"query-input\":{\"@type\":\"PropertyValueSpecification\",\"valueRequired\":true,\"valueName\":\"search_term_string\"}}],\"inLanguage\":\"de\"}]}<\/script>\n<!-- \/ Yoast SEO plugin. -->","yoast_head_json":{"title":"THE LOGGIA OF THE POOR - Unsere Geschichte - Dimora Fontemaggio","robots":{"index":"index","follow":"follow","max-snippet":"max-snippet:-1","max-image-preview":"max-image-preview:large","max-video-preview":"max-video-preview:-1"},"canonical":"https:\/\/fontemaggiobedandbreakfast.it\/de\/the-loggia-of-the-poor-unsere-geschichte\/","og_locale":"de_DE","og_type":"article","og_title":"THE LOGGIA OF THE POOR - Unsere Geschichte - Dimora Fontemaggio","og_url":"https:\/\/fontemaggiobedandbreakfast.it\/de\/the-loggia-of-the-poor-unsere-geschichte\/","og_site_name":"Dimora Fontemaggio","article_modified_time":"2023-07-10T14:59:08+00:00","twitter_card":"summary_large_image","twitter_misc":{"Gesch\u00e4tzte Lesezeit":"3\u00a0Minuten"},"schema":{"@context":"https:\/\/schema.org","@graph":[{"@type":"WebPage","@id":"https:\/\/fontemaggiobedandbreakfast.it\/de\/the-loggia-of-the-poor-unsere-geschichte\/","url":"https:\/\/fontemaggiobedandbreakfast.it\/de\/the-loggia-of-the-poor-unsere-geschichte\/","name":"THE LOGGIA OF THE POOR - Unsere Geschichte - Dimora Fontemaggio","isPartOf":{"@id":"https:\/\/fontemaggiobedandbreakfast.it\/de\/#website"},"datePublished":"2023-06-21T11:42:34+00:00","dateModified":"2023-07-10T14:59:08+00:00","breadcrumb":{"@id":"https:\/\/fontemaggiobedandbreakfast.it\/de\/the-loggia-of-the-poor-unsere-geschichte\/#breadcrumb"},"inLanguage":"de","potentialAction":[{"@type":"ReadAction","target":["https:\/\/fontemaggiobedandbreakfast.it\/de\/the-loggia-of-the-poor-unsere-geschichte\/"]}]},{"@type":"BreadcrumbList","@id":"https:\/\/fontemaggiobedandbreakfast.it\/de\/the-loggia-of-the-poor-unsere-geschichte\/#breadcrumb","itemListElement":[{"@type":"ListItem","position":1,"name":"Home","item":"https:\/\/fontemaggiobedandbreakfast.it\/de\/"},{"@type":"ListItem","position":2,"name":"THE LOGGIA OF THE POOR &#8211; Unsere Geschichte"}]},{"@type":"WebSite","@id":"https:\/\/fontemaggiobedandbreakfast.it\/de\/#website","url":"https:\/\/fontemaggiobedandbreakfast.it\/de\/","name":"Dimora Fontemaggio","description":"","potentialAction":[{"@type":"SearchAction","target":{"@type":"EntryPoint","urlTemplate":"https:\/\/fontemaggiobedandbreakfast.it\/de\/?s={search_term_string}"},"query-input":{"@type":"PropertyValueSpecification","valueRequired":true,"valueName":"search_term_string"}}],"inLanguage":"de"}]}},"_links":{"self":[{"href":"https:\/\/fontemaggiobedandbreakfast.it\/de\/wp-json\/wp\/v2\/pages\/845","targetHints":{"allow":["GET"]}}],"collection":[{"href":"https:\/\/fontemaggiobedandbreakfast.it\/de\/wp-json\/wp\/v2\/pages"}],"about":[{"href":"https:\/\/fontemaggiobedandbreakfast.it\/de\/wp-json\/wp\/v2\/types\/page"}],"author":[{"embeddable":true,"href":"https:\/\/fontemaggiobedandbreakfast.it\/de\/wp-json\/wp\/v2\/users\/1"}],"replies":[{"embeddable":true,"href":"https:\/\/fontemaggiobedandbreakfast.it\/de\/wp-json\/wp\/v2\/comments?post=845"}],"version-history":[{"count":5,"href":"https:\/\/fontemaggiobedandbreakfast.it\/de\/wp-json\/wp\/v2\/pages\/845\/revisions"}],"predecessor-version":[{"id":850,"href":"https:\/\/fontemaggiobedandbreakfast.it\/de\/wp-json\/wp\/v2\/pages\/845\/revisions\/850"}],"wp:attachment":[{"href":"https:\/\/fontemaggiobedandbreakfast.it\/de\/wp-json\/wp\/v2\/media?parent=845"}],"curies":[{"name":"wp","href":"https:\/\/api.w.org\/{rel}","templated":true}]}}