{"id":1286,"date":"2023-07-25T15:36:19","date_gmt":"2023-07-25T14:36:19","guid":{"rendered":"https:\/\/fontemaggiobedandbreakfast.it\/?page_id=1286"},"modified":"2023-07-25T15:51:56","modified_gmt":"2023-07-25T14:51:56","slug":"natur-umgebung-und-unterhaltung-7","status":"publish","type":"page","link":"https:\/\/fontemaggiobedandbreakfast.it\/de\/natur-umgebung-und-unterhaltung-7\/","title":{"rendered":"San Benedetto del Tronto"},"content":{"rendered":"<section class=\"l-section wpb_row us_custom_3b52b4dd height_auto width_full\"><div class=\"l-section-h i-cf\"><div class=\"g-cols vc_row via_grid cols_1 laptops-cols_inherit tablets-cols_inherit mobiles-cols_1 valign_top type_default stacking_default\"><div class=\"wpb_column vc_column_container\"><div class=\"vc_column-inner\"><div class=\"w-image align_none\"><div class=\"w-image-h\"><img decoding=\"async\" width=\"1920\" height=\"850\" src=\"https:\/\/fontemaggiobedandbreakfast.it\/wp-content\/uploads\/2023\/07\/san-benedetto-de-tronto-head.jpg\" class=\"attachment-full size-full\" alt=\"\" loading=\"lazy\" srcset=\"https:\/\/fontemaggiobedandbreakfast.it\/wp-content\/uploads\/2023\/07\/san-benedetto-de-tronto-head.jpg 1920w, https:\/\/fontemaggiobedandbreakfast.it\/wp-content\/uploads\/2023\/07\/san-benedetto-de-tronto-head-300x133.jpg 300w, https:\/\/fontemaggiobedandbreakfast.it\/wp-content\/uploads\/2023\/07\/san-benedetto-de-tronto-head-1024x453.jpg 1024w\" sizes=\"auto, (max-width: 1920px) 100vw, 1920px\" \/><\/div><\/div><\/div><\/div><\/div><\/div><\/section><section class=\"l-section wpb_row us_custom_ee4b5548 height_auto width_full\"><div class=\"l-section-h i-cf\"><div class=\"g-cols vc_row via_grid cols_1 laptops-cols_inherit tablets-cols_inherit mobiles-cols_1 valign_top type_default stacking_default\"><div class=\"wpb_column vc_column_container us_custom_2ad99fe7\"><div class=\"vc_column-inner\"><div class=\"wpb_text_column us_custom_f4f70734 has_text_color\"><div class=\"wpb_wrapper\"><h1 class=\"western\">San Benedetto del Tronto<\/h1>\n<\/div><\/div><div class=\"w-separator size_small\"><\/div><\/div><\/div><\/div><\/div><\/section><section class=\"l-section wpb_row us_custom_ee4b5548 height_auto width_full\"><div class=\"l-section-h i-cf\"><div class=\"g-cols vc_row via_grid cols_2 laptops-cols_inherit tablets-cols_inherit mobiles-cols_1 valign_top type_default stacking_default\"><div class=\"wpb_column vc_column_container us_custom_2ad99fe7\"><div class=\"vc_column-inner\"><div class=\"w-separator size_small\"><\/div><div class=\"wpb_text_column\"><div class=\"wpb_wrapper\"><h2 class=\"western\">Geschichte und Kunst<\/h2>\n<p>San Benedetto del Tronto hat ca. 50.000 Einwohner und ist der wichtigste Fremdenverkehrsort in der Region Marken, was die Besucherzahlen angeht.<\/p>\n<p>&nbsp;<\/p>\n<p>In r\u00f6mischer Zeit siedelten sich an der M\u00fcndung des Flusses Tronto die \u00e4ltesten Vorfahren der Einwohner von San Benedetto an: die Angeh\u00f6rigen des Castrum Truentinum. Die Urspr\u00fcnge des \u00e4ltesten st\u00e4dtischen Bindegewebes, die urspr\u00fcnglich mit dem 12. Jahrhundert in Verbindung gebracht wurden, scheinen sogar noch fr\u00fcher zu liegen, denn unter dem Pflaster der Oberstadt wurden Gr\u00e4ber und Artefakte aus der R\u00f6merzeit entdeckt. Von herausragender Bedeutung f\u00fcr die Entwicklung in der Antike war die Tatsache, dass die Stadt der wichtigste r\u00f6mische Umschlagplatz f\u00fcr ein so kostbares Gut wie Salz war, wovon die antike &#8222;Via Salaria&#8220; zeugt, und dass sie sp\u00e4ter Ausgangspunkt f\u00fcr Pilger auf dem Weg ins Heilige Land und Landeplatz f\u00fcr zur\u00fcckkehrende Kreuzritter war.<\/p>\n<p>Es war zweifellos zwischen dem Ende des 19. und dem Beginn des 20. Jahrhunderts, als sich die heutige Struktur der Stadt herausbildete, die dank des Baus der Adriabahn auf Fischerei, Tourismus und Handel basierte.<\/p>\n<p>&nbsp;<\/p>\n<p>Der Bau der ber\u00fchmten Promenade &#8222;Riviera delle Palme&#8220;, die noch heute mit Jugendstilvillen ges\u00e4umt ist, geht auf das Jahr 1932 zur\u00fcck.<\/p>\n<p>&nbsp;<\/p>\n<p>Ausgestattet mit einem Jachthafen, einem Fischereihafen und einem der wichtigsten Fischgro\u00dfm\u00e4rkte Italiens ist San Benedetto seit jeher eng mit dem Meer und der Tradition der Seefahrt verbunden. Eines der vielen Zeugnisse dieser Verbindung ist das Labyrinth aus Gassen und Lagerh\u00e4usern, das sein Ziel verr\u00e4t. Es gibt die Via dei Calafati (wo sich fr\u00fcher die Bootsreparateure befanden), die Via del Pescivendolo und die Via dei Spagaroli, wo fr\u00fcher Seile und Fischernetze hergestellt wurden. In den Gassen des alten Incasato kann man den Torre dei Gualtieri (Torrione) aus dem 12. bis 13. Jahrhundert bewundern und besichtigen, der mit seinem ungew\u00f6hnlichen sechseckigen Grundriss, der an einen Schiffsrumpf erinnert, noch immer den Wecker f\u00fcr die morgendliche Ausfahrt schl\u00e4gt. Er ist 16,60 Meter hoch und bietet einen weiten Blick \u00fcber die Stadt. Hier stehen zwei Glocken: Die gr\u00f6\u00dfte stammt aus dem Jahr 1853 und wiegt beeindruckende 6400 Pfund.<\/p>\n<p>Die enge Verbindung der Stadt mit dem Meer wird unweigerlich durch den Leuchtturm, den Hafen und den Fischmarkt deutlich: Orte, an denen man das Anlanden der Fischerboote, den Verkauf von Fisch und die traditionelle und alte Kunst der handgefertigten Netze beobachten kann. Bei einem Spaziergang zwischen den 7000 exotischen B\u00e4umen, den thematischen G\u00e4rten und entlang des Kais k\u00f6nnen Sie Ugo Nespolos Feier des Tourismus &#8222;Arbeit, Arbeit, Arbeit, ich bevorzuge das Rauschen des Meeres&#8220;, Aldo Sergiacomis &#8222;Denkmal f\u00fcr den Fischer&#8220;, Mario Lupos &#8222;M\u00f6we Jonathan&#8220; Livingstone bewundern, das &#8222;Museo del Mare&#8220; mit seiner Sammlung von Fischen aus aller Welt besuchen, und das &#8222;Museo delle Anfore&#8220;, in dem griechische und r\u00f6mische Amphoren ausgestellt sind, die in Fischernetzen in allen Teilen des Mittelmeers gesammelt wurden, sowie das MAM, Museo d&#8217;Arte sul Mare, eines der bedeutendsten st\u00e4ndigen Freilichtmuseen, das sich mit 135 Skulpturen und 10 Wandmalereien \u00fcber einen Kilometer entlang der S\u00fcdmole erstreckt und jedes Jahr mit neuen Werken bereichert wird.<\/p>\n<p>&nbsp;<\/p>\n<p>Das immer wieder mit der Blauen Flagge ausgezeichnete Meer von San Benedetto wird von einem sehr langen Strand mit feinem goldenen Sand umrahmt, ein Grund mehr, es zu besuchen und die K\u00f6stlichkeiten der lokalen K\u00fcche zu probieren, unter denen das ber\u00fchmte &#8222;Brodetto alla sambenedettese&#8220; hervorsticht, das sich durch die Zugabe von Paprika und Essig von anderen unterscheidet.<\/p>\n<\/div><\/div><\/div><\/div><div class=\"wpb_column vc_column_container\"><div class=\"vc_column-inner\"><div class=\"w-separator size_large\"><\/div><div class=\"w-grid us_carousel type_carousel layout_gallery_default preload_style_spinner\" id=\"us_grid_1\"><style>.layout_gallery_default .w-grid-item-h{}<\/style><div class=\"w-grid-list owl-carousel valign_stretch dotstyle_circle navstyle_circle arrows-ver-pos_middle arrows-hor-pos_on_sides_outside arrows-disabled_hide owl-responsive-2000 autoheight\" style=\"--transition-duration:350ms;\">\t<article class=\"w-grid-item post-1321 attachment type-attachment status-inherit hentry\" data-id=\"1321\">\r\n\t\t<div class=\"w-grid-item-h\">\r\n\t\t\t\t\t\t<div class=\"w-post-elm post_image usg_post_image_1 stretched\"><img loading=\"lazy\" decoding=\"async\" width=\"1012\" height=\"675\" src=\"https:\/\/fontemaggiobedandbreakfast.it\/wp-content\/uploads\/2023\/07\/fontemaggio-bb-san-benedetto6a.jpg\" class=\"attachment-large size-large\" alt=\"\" srcset=\"https:\/\/fontemaggiobedandbreakfast.it\/wp-content\/uploads\/2023\/07\/fontemaggio-bb-san-benedetto6a.jpg 1012w, https:\/\/fontemaggiobedandbreakfast.it\/wp-content\/uploads\/2023\/07\/fontemaggio-bb-san-benedetto6a-300x200.jpg 300w\" sizes=\"auto, (max-width: 1012px) 100vw, 1012px\" \/><\/div>\t\t<\/div>\r\n\t\t\t<\/article>\r\n\t<article class=\"w-grid-item post-1315 attachment type-attachment status-inherit hentry\" data-id=\"1315\">\r\n\t\t<div class=\"w-grid-item-h\">\r\n\t\t\t\t\t\t<div class=\"w-post-elm post_image usg_post_image_1 stretched\"><img loading=\"lazy\" decoding=\"async\" width=\"1012\" height=\"675\" src=\"https:\/\/fontemaggiobedandbreakfast.it\/wp-content\/uploads\/2023\/07\/fontemaggio-bb-san-benedetto5.jpg\" class=\"attachment-large size-large\" alt=\"\" srcset=\"https:\/\/fontemaggiobedandbreakfast.it\/wp-content\/uploads\/2023\/07\/fontemaggio-bb-san-benedetto5.jpg 1012w, https:\/\/fontemaggiobedandbreakfast.it\/wp-content\/uploads\/2023\/07\/fontemaggio-bb-san-benedetto5-300x200.jpg 300w\" sizes=\"auto, (max-width: 1012px) 100vw, 1012px\" \/><\/div>\t\t<\/div>\r\n\t\t\t<\/article>\r\n\t<article class=\"w-grid-item post-1318 attachment type-attachment status-inherit hentry\" data-id=\"1318\">\r\n\t\t<div class=\"w-grid-item-h\">\r\n\t\t\t\t\t\t<div class=\"w-post-elm post_image usg_post_image_1 stretched\"><img loading=\"lazy\" decoding=\"async\" width=\"1012\" height=\"675\" src=\"https:\/\/fontemaggiobedandbreakfast.it\/wp-content\/uploads\/2023\/07\/fontemaggio-bb-san-benedetto6.jpg\" class=\"attachment-large size-large\" alt=\"\" srcset=\"https:\/\/fontemaggiobedandbreakfast.it\/wp-content\/uploads\/2023\/07\/fontemaggio-bb-san-benedetto6.jpg 1012w, https:\/\/fontemaggiobedandbreakfast.it\/wp-content\/uploads\/2023\/07\/fontemaggio-bb-san-benedetto6-300x200.jpg 300w\" sizes=\"auto, (max-width: 1012px) 100vw, 1012px\" \/><\/div>\t\t<\/div>\r\n\t\t\t<\/article>\r\n\t<article class=\"w-grid-item post-1312 attachment type-attachment status-inherit hentry\" data-id=\"1312\">\r\n\t\t<div class=\"w-grid-item-h\">\r\n\t\t\t\t\t\t<div class=\"w-post-elm post_image usg_post_image_1 stretched\"><img loading=\"lazy\" decoding=\"async\" width=\"1012\" height=\"675\" src=\"https:\/\/fontemaggiobedandbreakfast.it\/wp-content\/uploads\/2023\/07\/fontemaggio-bb-san-benedetto4.jpg\" class=\"attachment-large size-large\" alt=\"\" srcset=\"https:\/\/fontemaggiobedandbreakfast.it\/wp-content\/uploads\/2023\/07\/fontemaggio-bb-san-benedetto4.jpg 1012w, https:\/\/fontemaggiobedandbreakfast.it\/wp-content\/uploads\/2023\/07\/fontemaggio-bb-san-benedetto4-300x200.jpg 300w\" sizes=\"auto, (max-width: 1012px) 100vw, 1012px\" \/><\/div>\t\t<\/div>\r\n\t\t\t<\/article>\r\n\t<article class=\"w-grid-item post-1309 attachment type-attachment status-inherit hentry\" data-id=\"1309\">\r\n\t\t<div class=\"w-grid-item-h\">\r\n\t\t\t\t\t\t<div class=\"w-post-elm post_image usg_post_image_1 stretched\"><img loading=\"lazy\" decoding=\"async\" width=\"1012\" height=\"675\" src=\"https:\/\/fontemaggiobedandbreakfast.it\/wp-content\/uploads\/2023\/07\/fontemaggio-bb-san-benedetto3.jpg\" class=\"attachment-large size-large\" alt=\"\" srcset=\"https:\/\/fontemaggiobedandbreakfast.it\/wp-content\/uploads\/2023\/07\/fontemaggio-bb-san-benedetto3.jpg 1012w, https:\/\/fontemaggiobedandbreakfast.it\/wp-content\/uploads\/2023\/07\/fontemaggio-bb-san-benedetto3-300x200.jpg 300w\" sizes=\"auto, (max-width: 1012px) 100vw, 1012px\" \/><\/div>\t\t<\/div>\r\n\t\t\t<\/article>\r\n\t<article class=\"w-grid-item post-1306 attachment type-attachment status-inherit hentry\" data-id=\"1306\">\r\n\t\t<div class=\"w-grid-item-h\">\r\n\t\t\t\t\t\t<div class=\"w-post-elm post_image usg_post_image_1 stretched\"><img loading=\"lazy\" decoding=\"async\" width=\"1012\" height=\"675\" src=\"https:\/\/fontemaggiobedandbreakfast.it\/wp-content\/uploads\/2023\/07\/fontemaggio-bb-san-benedetto2.jpg\" class=\"attachment-large size-large\" alt=\"\" srcset=\"https:\/\/fontemaggiobedandbreakfast.it\/wp-content\/uploads\/2023\/07\/fontemaggio-bb-san-benedetto2.jpg 1012w, https:\/\/fontemaggiobedandbreakfast.it\/wp-content\/uploads\/2023\/07\/fontemaggio-bb-san-benedetto2-300x200.jpg 300w\" sizes=\"auto, (max-width: 1012px) 100vw, 1012px\" \/><\/div>\t\t<\/div>\r\n\t\t\t<\/article>\r\n<\/div><div class=\"w-grid-carousel-json hidden\" onclick='return {&quot;carousel_settings&quot;:{&quot;aria_labels&quot;:{&quot;prev&quot;:&quot;Zur\\u00fcck&quot;,&quot;next&quot;:&quot;Weiter&quot;},&quot;autoplayContinual&quot;:false,&quot;autoplayHoverPause&quot;:false,&quot;autoplayTimeout&quot;:3000,&quot;autoWidth&quot;:false,&quot;smartSpeed&quot;:350,&quot;margin&quot;:0,&quot;mouseDrag&quot;:true,&quot;rtl&quot;:false,&quot;slideBy&quot;:&quot;1&quot;,&quot;touchDrag&quot;:true,&quot;slideTransition&quot;:&quot;&quot;,&quot;animateIn&quot;:&quot;fadeIn&quot;,&quot;animateOut&quot;:&quot;fadeOut&quot;,&quot;responsive&quot;:{&quot;0&quot;:{&quot;autoHeight&quot;:true,&quot;autoplay&quot;:true,&quot;autoWidth&quot;:false,&quot;center&quot;:false,&quot;dots&quot;:false,&quot;items&quot;:1,&quot;loop&quot;:true,&quot;nav&quot;:false,&quot;stagePadding&quot;:0,&quot;slideBy&quot;:&quot;1&quot;},&quot;601&quot;:{&quot;autoHeight&quot;:true,&quot;autoplay&quot;:true,&quot;autoWidth&quot;:false,&quot;center&quot;:false,&quot;dots&quot;:false,&quot;items&quot;:1,&quot;loop&quot;:true,&quot;nav&quot;:false,&quot;stagePadding&quot;:0,&quot;slideBy&quot;:&quot;1&quot;},&quot;1025&quot;:{&quot;autoHeight&quot;:true,&quot;autoplay&quot;:true,&quot;autoWidth&quot;:false,&quot;center&quot;:false,&quot;dots&quot;:false,&quot;items&quot;:1,&quot;loop&quot;:true,&quot;nav&quot;:false,&quot;stagePadding&quot;:0,&quot;slideBy&quot;:&quot;1&quot;},&quot;1381&quot;:{&quot;items&quot;:1,&quot;autoplay&quot;:true,&quot;center&quot;:false,&quot;dots&quot;:false,&quot;nav&quot;:false,&quot;autoHeight&quot;:true,&quot;autoWidth&quot;:false,&quot;loop&quot;:true,&quot;stagePadding&quot;:0}}}}'><\/div><\/div><\/div><\/div><\/div><\/div><\/section><section class=\"l-section wpb_row us_custom_ee4b5548 height_auto width_full\"><div class=\"l-section-h i-cf\"><div class=\"g-cols vc_row via_grid cols_2 laptops-cols_inherit tablets-cols_inherit mobiles-cols_1 valign_top type_default stacking_default\"><div class=\"wpb_column vc_column_container\"><div class=\"vc_column-inner\"><div class=\"w-separator size_medium\"><\/div><div class=\"w-image align_none\"><div class=\"w-image-h\"><img decoding=\"async\" width=\"1012\" height=\"675\" src=\"https:\/\/fontemaggiobedandbreakfast.it\/wp-content\/uploads\/2023\/07\/fontemaggio-bb-san-benedetto9.jpg\" class=\"attachment-full size-full\" alt=\"\" loading=\"lazy\" srcset=\"https:\/\/fontemaggiobedandbreakfast.it\/wp-content\/uploads\/2023\/07\/fontemaggio-bb-san-benedetto9.jpg 1012w, https:\/\/fontemaggiobedandbreakfast.it\/wp-content\/uploads\/2023\/07\/fontemaggio-bb-san-benedetto9-300x200.jpg 300w\" sizes=\"auto, (max-width: 1012px) 100vw, 1012px\" \/><\/div><\/div><div class=\"w-separator size_medium\"><\/div><div class=\"w-image align_none\"><div class=\"w-image-h\"><img decoding=\"async\" width=\"1012\" height=\"675\" src=\"https:\/\/fontemaggiobedandbreakfast.it\/wp-content\/uploads\/2023\/07\/fontemaggio-bb-san-benedetto2.jpg\" class=\"attachment-full size-full\" alt=\"\" loading=\"lazy\" srcset=\"https:\/\/fontemaggiobedandbreakfast.it\/wp-content\/uploads\/2023\/07\/fontemaggio-bb-san-benedetto2.jpg 1012w, https:\/\/fontemaggiobedandbreakfast.it\/wp-content\/uploads\/2023\/07\/fontemaggio-bb-san-benedetto2-300x200.jpg 300w\" sizes=\"auto, (max-width: 1012px) 100vw, 1012px\" \/><\/div><\/div><\/div><\/div><div class=\"wpb_column vc_column_container us_custom_2ad99fe7\"><div class=\"vc_column-inner\"><div class=\"w-separator size_small\"><\/div><div class=\"wpb_text_column\"><div class=\"wpb_wrapper\"><h3 class=\"western\">Orte von besonderem Interesse in San Benedetto:<\/h3>\n<ul>\n<li>Der Turm der Gualtieri (der Torrione) ist das Herzst\u00fcck des alten Dorfkerns.<\/li>\n<li>Der Guelph Tower ist der Rest einer Festung, die aus zwei gro\u00dfen T\u00fcrmen, sieben T\u00fcrmchen und siebzig Zinnen besteht.<\/li>\n<li>Palazzo Piacentini, das Haus unseres geliebten Mundartdichters Bice Piacentini.<\/li>\n<li>Die zwischen 1775 und 1778 erbaute Pfarrkirche St. Benedict Martyr steht auf dem alten Grab des Stadtpatrons und ist im neoklassischen Stil gehalten.<\/li>\n<li>Das Jonathan-M\u00f6wen-Denkmal, geschaffen von dem K\u00fcnstler Mario Lupo im Jahr 1986<\/li>\n<li>Das Fischerdenkmal, das den Laderaum der Fischer w\u00e4hrend eines Sturms nachbildet<\/li>\n<li>Die Themeng\u00e4rten am Wasser<\/li>\n<li>Die Sixtinischen Museen von Piceno<\/li>\n<li>Das Schifffahrtsmuseum<\/li>\n<\/ul>\n<h3 class=\"western\">Die wichtigsten Veranstaltungen in San Benedetto:<\/h3>\n<p>Die Stadt wird st\u00e4ndig durch kulturelle, musikalische und sportliche Veranstaltungen belebt: Weitere Informationen finden Sie auf der offiziellen Seite der Institution. Besonders hervorzuheben ist L&#8217;Antico e le Palme 2017 &#8211; 23. bis 26. Juni und 18. bis 21. August 2017 &#8211; eine einzigartige Gelegenheit, Antiquit\u00e4ten wie M\u00f6bel, Silber, Schmuck, Skulpturen und Gem\u00e4lde aus dem 17. bis 20.<\/p>\n<p><a href=\"https:\/\/www.comunesbt.it\/Turismo\/Calendario-eventi\">Offizieller Veranstaltungskalender<\/a><\/p>\n<\/div><\/div><\/div><\/div><\/div><\/div><\/section><section class=\"l-section wpb_row us_custom_0d15be52 height_small\" id=\"Tarifstandard\"><div class=\"l-section-h i-cf\"><div class=\"g-cols vc_row via_grid cols_1 laptops-cols_inherit tablets-cols_inherit mobiles-cols_1 valign_middle type_default stacking_default\"><div class=\"wpb_column vc_column_container\"><div class=\"vc_column-inner\"><section class=\"l-section wpb_row height_small\"><div class=\"l-section-h i-cf\"><div class=\"g-cols vc_row via_grid cols_1 laptops-cols_inherit tablets-cols_inherit mobiles-cols_1 valign_top type_default stacking_default\"><div class=\"wpb_column vc_column_container\"><div class=\"vc_column-inner\"><div class=\"wpb_text_column\"><div class=\"wpb_wrapper\"><h3>Bedingungen f\u00fcr den Aufenthalt<\/h3>\n<\/div><\/div><div class=\"w-separator size_small\"><\/div><div class=\"wpb_text_column\"><div class=\"wpb_wrapper\"><p><strong>Check In:<\/strong> von 8:00 bis 22:00 Uhr, immer mit vorheriger Anmeldung unter 349 1235286<br \/>\n<strong>Auschecken:<\/strong> 11:00 Uhr.<br \/>\nSie m\u00fcssen Ihr Zimmer bis 11 Uhr verlassen, k\u00f6nnen aber den ganzen Tag \u00fcber die Gemeinschaftsr\u00e4ume au\u00dferhalb des Bed &amp; Breakfast nutzen<\/p>\n<\/div><\/div><div class=\"w-separator size_medium\"><\/div><div class=\"w-hwrapper hide_on_tablets hide_on_mobiles valign_top align_center\" style=\"--hwrapper-gap:1.20rem\"><div class=\"w-btn-wrapper align_none\"><a class=\"w-btn us-btn-style_2\" href=\"#\"><span class=\"w-btn-label\">VERF\u00dcGBARKEIT PR\u00dcFEN<\/span><\/a><\/div><div class=\"w-btn-wrapper align_none\"><a class=\"w-btn us-btn-style_2\" title=\"Unsere Dienstleistungen\" href=\"https:\/\/fontemaggiobedandbreakfast.it\/de\/unsere-dienstleistungen\/\"><span class=\"w-btn-label\">UNSERE DIENSTLEISTUNGEN<\/span><\/a><\/div><div class=\"w-btn-wrapper align_none\"><a class=\"w-btn us-btn-style_2\" title=\"Kontakte\" href=\"https:\/\/fontemaggiobedandbreakfast.it\/de\/kontakte\/\"><span class=\"w-btn-label\">INFORMATIONEN ANFORDERN<\/span><\/a><\/div><\/div><div class=\"w-hwrapper hide_on_tablets hide_on_mobiles valign_top align_center\" style=\"--hwrapper-gap:1.20rem\"><\/div><\/div><\/div><\/div><\/div><\/section><section class=\"l-section wpb_row hide_on_default hide_on_laptops height_small\"><div class=\"l-section-h i-cf\"><div class=\"g-cols vc_row via_grid cols_1 laptops-cols_inherit tablets-cols_inherit mobiles-cols_1 valign_top type_default stacking_default\"><div class=\"wpb_column vc_column_container\"><div class=\"vc_column-inner\"><div class=\"w-btn-wrapper align_center\"><a class=\"w-btn us-btn-style_2\" href=\"#\"><span class=\"w-btn-label\">VERF\u00dcGBARKEIT PR\u00dcFEN<\/span><\/a><\/div><div class=\"w-btn-wrapper align_center\"><a class=\"w-btn us-btn-style_2\" title=\"Unsere Dienstleistungen\" href=\"https:\/\/neverlandstudio.it\/i-nostri-servizi\/\"><span class=\"w-btn-label\">UNSERE DIENSTLEISTUNGEN<\/span><\/a><\/div><div class=\"w-btn-wrapper align_center\"><a class=\"w-btn us-btn-style_2\" title=\"Kontakte\" href=\"https:\/\/fontemaggiobedandbreakfast.it\/de\/kontakte\/\"><span class=\"w-btn-label\">INFORMATIONEN ANFORDERN<\/span><\/a><\/div><\/div><\/div><\/div><\/div><\/section>\n<\/div><\/div><\/div><\/div><\/section>\n","protected":false},"excerpt":{"rendered":"","protected":false},"author":1,"featured_media":0,"parent":0,"menu_order":0,"comment_status":"closed","ping_status":"open","template":"","meta":{"footnotes":""},"class_list":["post-1286","page","type-page","status-publish","hentry"],"yoast_head":"<!-- This site is optimized with the Yoast SEO plugin v27.1.1 - https:\/\/yoast.com\/product\/yoast-seo-wordpress\/ -->\n<title>San Benedetto del Tronto - Dimora Fontemaggio<\/title>\n<meta name=\"robots\" content=\"index, follow, max-snippet:-1, max-image-preview:large, max-video-preview:-1\" \/>\n<link rel=\"canonical\" href=\"https:\/\/fontemaggiobedandbreakfast.it\/de\/natur-umgebung-und-unterhaltung-7\/\" \/>\n<meta property=\"og:locale\" content=\"de_DE\" \/>\n<meta property=\"og:type\" content=\"article\" \/>\n<meta property=\"og:title\" content=\"San Benedetto del Tronto - Dimora Fontemaggio\" \/>\n<meta property=\"og:url\" content=\"https:\/\/fontemaggiobedandbreakfast.it\/de\/natur-umgebung-und-unterhaltung-7\/\" \/>\n<meta property=\"og:site_name\" content=\"Dimora Fontemaggio\" \/>\n<meta property=\"article:modified_time\" content=\"2023-07-25T14:51:56+00:00\" \/>\n<meta name=\"twitter:card\" content=\"summary_large_image\" \/>\n<meta name=\"twitter:label1\" content=\"Gesch\u00e4tzte Lesezeit\" \/>\n\t<meta name=\"twitter:data1\" content=\"5\u00a0Minuten\" \/>\n<script type=\"application\/ld+json\" class=\"yoast-schema-graph\">{\"@context\":\"https:\/\/schema.org\",\"@graph\":[{\"@type\":\"WebPage\",\"@id\":\"https:\/\/fontemaggiobedandbreakfast.it\/de\/natur-umgebung-und-unterhaltung-7\/\",\"url\":\"https:\/\/fontemaggiobedandbreakfast.it\/de\/natur-umgebung-und-unterhaltung-7\/\",\"name\":\"San Benedetto del Tronto - Dimora Fontemaggio\",\"isPartOf\":{\"@id\":\"https:\/\/fontemaggiobedandbreakfast.it\/de\/#website\"},\"datePublished\":\"2023-07-25T14:36:19+00:00\",\"dateModified\":\"2023-07-25T14:51:56+00:00\",\"breadcrumb\":{\"@id\":\"https:\/\/fontemaggiobedandbreakfast.it\/de\/natur-umgebung-und-unterhaltung-7\/#breadcrumb\"},\"inLanguage\":\"de\",\"potentialAction\":[{\"@type\":\"ReadAction\",\"target\":[\"https:\/\/fontemaggiobedandbreakfast.it\/de\/natur-umgebung-und-unterhaltung-7\/\"]}]},{\"@type\":\"BreadcrumbList\",\"@id\":\"https:\/\/fontemaggiobedandbreakfast.it\/de\/natur-umgebung-und-unterhaltung-7\/#breadcrumb\",\"itemListElement\":[{\"@type\":\"ListItem\",\"position\":1,\"name\":\"Home\",\"item\":\"https:\/\/fontemaggiobedandbreakfast.it\/de\/\"},{\"@type\":\"ListItem\",\"position\":2,\"name\":\"San Benedetto del Tronto\"}]},{\"@type\":\"WebSite\",\"@id\":\"https:\/\/fontemaggiobedandbreakfast.it\/de\/#website\",\"url\":\"https:\/\/fontemaggiobedandbreakfast.it\/de\/\",\"name\":\"Dimora Fontemaggio\",\"description\":\"\",\"potentialAction\":[{\"@type\":\"SearchAction\",\"target\":{\"@type\":\"EntryPoint\",\"urlTemplate\":\"https:\/\/fontemaggiobedandbreakfast.it\/de\/?s={search_term_string}\"},\"query-input\":{\"@type\":\"PropertyValueSpecification\",\"valueRequired\":true,\"valueName\":\"search_term_string\"}}],\"inLanguage\":\"de\"}]}<\/script>\n<!-- \/ Yoast SEO plugin. -->","yoast_head_json":{"title":"San Benedetto del Tronto - Dimora Fontemaggio","robots":{"index":"index","follow":"follow","max-snippet":"max-snippet:-1","max-image-preview":"max-image-preview:large","max-video-preview":"max-video-preview:-1"},"canonical":"https:\/\/fontemaggiobedandbreakfast.it\/de\/natur-umgebung-und-unterhaltung-7\/","og_locale":"de_DE","og_type":"article","og_title":"San Benedetto del Tronto - Dimora Fontemaggio","og_url":"https:\/\/fontemaggiobedandbreakfast.it\/de\/natur-umgebung-und-unterhaltung-7\/","og_site_name":"Dimora Fontemaggio","article_modified_time":"2023-07-25T14:51:56+00:00","twitter_card":"summary_large_image","twitter_misc":{"Gesch\u00e4tzte Lesezeit":"5\u00a0Minuten"},"schema":{"@context":"https:\/\/schema.org","@graph":[{"@type":"WebPage","@id":"https:\/\/fontemaggiobedandbreakfast.it\/de\/natur-umgebung-und-unterhaltung-7\/","url":"https:\/\/fontemaggiobedandbreakfast.it\/de\/natur-umgebung-und-unterhaltung-7\/","name":"San Benedetto del Tronto - Dimora Fontemaggio","isPartOf":{"@id":"https:\/\/fontemaggiobedandbreakfast.it\/de\/#website"},"datePublished":"2023-07-25T14:36:19+00:00","dateModified":"2023-07-25T14:51:56+00:00","breadcrumb":{"@id":"https:\/\/fontemaggiobedandbreakfast.it\/de\/natur-umgebung-und-unterhaltung-7\/#breadcrumb"},"inLanguage":"de","potentialAction":[{"@type":"ReadAction","target":["https:\/\/fontemaggiobedandbreakfast.it\/de\/natur-umgebung-und-unterhaltung-7\/"]}]},{"@type":"BreadcrumbList","@id":"https:\/\/fontemaggiobedandbreakfast.it\/de\/natur-umgebung-und-unterhaltung-7\/#breadcrumb","itemListElement":[{"@type":"ListItem","position":1,"name":"Home","item":"https:\/\/fontemaggiobedandbreakfast.it\/de\/"},{"@type":"ListItem","position":2,"name":"San Benedetto del Tronto"}]},{"@type":"WebSite","@id":"https:\/\/fontemaggiobedandbreakfast.it\/de\/#website","url":"https:\/\/fontemaggiobedandbreakfast.it\/de\/","name":"Dimora Fontemaggio","description":"","potentialAction":[{"@type":"SearchAction","target":{"@type":"EntryPoint","urlTemplate":"https:\/\/fontemaggiobedandbreakfast.it\/de\/?s={search_term_string}"},"query-input":{"@type":"PropertyValueSpecification","valueRequired":true,"valueName":"search_term_string"}}],"inLanguage":"de"}]}},"_links":{"self":[{"href":"https:\/\/fontemaggiobedandbreakfast.it\/de\/wp-json\/wp\/v2\/pages\/1286","targetHints":{"allow":["GET"]}}],"collection":[{"href":"https:\/\/fontemaggiobedandbreakfast.it\/de\/wp-json\/wp\/v2\/pages"}],"about":[{"href":"https:\/\/fontemaggiobedandbreakfast.it\/de\/wp-json\/wp\/v2\/types\/page"}],"author":[{"embeddable":true,"href":"https:\/\/fontemaggiobedandbreakfast.it\/de\/wp-json\/wp\/v2\/users\/1"}],"replies":[{"embeddable":true,"href":"https:\/\/fontemaggiobedandbreakfast.it\/de\/wp-json\/wp\/v2\/comments?post=1286"}],"version-history":[{"count":8,"href":"https:\/\/fontemaggiobedandbreakfast.it\/de\/wp-json\/wp\/v2\/pages\/1286\/revisions"}],"predecessor-version":[{"id":1392,"href":"https:\/\/fontemaggiobedandbreakfast.it\/de\/wp-json\/wp\/v2\/pages\/1286\/revisions\/1392"}],"wp:attachment":[{"href":"https:\/\/fontemaggiobedandbreakfast.it\/de\/wp-json\/wp\/v2\/media?parent=1286"}],"curies":[{"name":"wp","href":"https:\/\/api.w.org\/{rel}","templated":true}]}}