{"id":1136,"date":"2023-07-20T16:07:43","date_gmt":"2023-07-20T15:07:43","guid":{"rendered":"https:\/\/fontemaggiobedandbreakfast.it\/?page_id=1136"},"modified":"2023-07-25T15:50:55","modified_gmt":"2023-07-25T14:50:55","slug":"natur-umgebung-und-unterhaltung-4","status":"publish","type":"page","link":"https:\/\/fontemaggiobedandbreakfast.it\/de\/natur-umgebung-und-unterhaltung-4\/","title":{"rendered":"Grottammare, die Perle der Adriak\u00fcste"},"content":{"rendered":"<section class=\"l-section wpb_row us_custom_3b52b4dd height_auto width_full\"><div class=\"l-section-h i-cf\"><div class=\"g-cols vc_row via_grid cols_1 laptops-cols_inherit tablets-cols_inherit mobiles-cols_1 valign_top type_default stacking_default\"><div class=\"wpb_column vc_column_container\"><div class=\"vc_column-inner\"><div class=\"w-image align_none\"><div class=\"w-image-h\"><img decoding=\"async\" width=\"1920\" height=\"900\" src=\"https:\/\/fontemaggiobedandbreakfast.it\/wp-content\/uploads\/2023\/07\/grottammare-head.jpg\" class=\"attachment-full size-full\" alt=\"\" loading=\"lazy\" srcset=\"https:\/\/fontemaggiobedandbreakfast.it\/wp-content\/uploads\/2023\/07\/grottammare-head.jpg 1920w, https:\/\/fontemaggiobedandbreakfast.it\/wp-content\/uploads\/2023\/07\/grottammare-head-300x141.jpg 300w, https:\/\/fontemaggiobedandbreakfast.it\/wp-content\/uploads\/2023\/07\/grottammare-head-1024x480.jpg 1024w\" sizes=\"auto, (max-width: 1920px) 100vw, 1920px\" \/><\/div><\/div><\/div><\/div><\/div><\/div><\/section><section class=\"l-section wpb_row us_custom_ee4b5548 height_auto width_full\"><div class=\"l-section-h i-cf\"><div class=\"g-cols vc_row via_grid cols_1 laptops-cols_inherit tablets-cols_inherit mobiles-cols_1 valign_top type_default stacking_default\"><div class=\"wpb_column vc_column_container us_custom_2ad99fe7\"><div class=\"vc_column-inner\"><div class=\"wpb_text_column us_custom_f4f70734 has_text_color\"><div class=\"wpb_wrapper\"><h1 class=\"western\">Grottammare, die Perle der Adriak\u00fcste<\/h1>\n<\/div><\/div><div class=\"w-separator size_small\"><\/div><\/div><\/div><\/div><\/div><\/section><section class=\"l-section wpb_row us_custom_ee4b5548 height_auto width_full\"><div class=\"l-section-h i-cf\"><div class=\"g-cols vc_row via_grid cols_2 laptops-cols_inherit tablets-cols_inherit mobiles-cols_1 valign_middle type_default stacking_default\"><div class=\"wpb_column vc_column_container us_custom_2ad99fe7\"><div class=\"vc_column-inner\"><div class=\"w-separator size_small\"><\/div><div class=\"wpb_text_column\"><div class=\"wpb_wrapper\"><p><strong>Geschichte<\/strong><br \/>\nDer historische Ursprung von Grottammare hat antike Wurzeln. An der Stelle, an der heute die Kirche San Martino steht, wurden die \u00dcberreste eines Tempels einer heidnischen Gottheit, der G\u00f6ttin Cupra, gefunden. In der Kirche befindet sich neben den \u00dcberresten des heidnischen Heiligtums, das in eine S\u00e4ule eingemauert ist, eine Marmortafel, die den Wiederaufbau des antiken Tempels auf die Zeit des Kaisers Hadrian (2. Jahrhundert v. Chr.) datiert. In der gleichen Gegend wurden arch\u00e4ologische \u00dcberreste gefunden, die die Anwesenheit von Etruskern und Umbrern (9. Jahrhundert v. Chr.) bezeugen, die der G\u00f6ttin Cupra geweiht waren.<\/p>\n<p>Aufgrund seiner geografischen Lage an einer Hafenbucht in der N\u00e4he eines unzug\u00e4nglichen und leicht zu verteidigenden Gebiets entwickelte sich Grottammare in der sp\u00e4ten pikenischen Zeit stark.<br \/>\nAuf demselben H\u00fcgel wurden zwei Burgen errichtet, die erste, bekannt als Grocte oder Grupte, und die sp\u00e4tere Cripte oder Grupte a mare, die sich auf der Spitze des H\u00fcgels befand, ein idealer Ort zur Verteidigung gegen feindliche Angriffe, mit den typischen Merkmalen einer mittelalterlichen Festung. Der zweite, Castello Supportica oder Subportica genannte Ort an den H\u00e4ngen des H\u00fcgels war der Ort, an dem sich die Bev\u00f6lkerung im Laufe der Jahrhunderte entwickelte.<br \/>\nNach einem gef\u00e4hrlichen Piraten\u00fcberfall wurde Grottammare 1525 vollst\u00e4ndig von Festungsmauern umgeben und mit einem Bergfried verst\u00e4rkt, der als &#8222;des Kampfes&#8220; bekannt ist und genau auf den darunter liegenden Hafen ausgerichtet ist, um auf weitere feindliche \u00dcberf\u00e4lle angemessen reagieren zu k\u00f6nnen.<br \/>\nAm 13. Dezember 1521 wurde Felice Peretti, der als Papst Sixtus V. in die Geschichte einging, an der Stelle geboren, an der sich heute die Kirche Santa Lucia befindet.<br \/>\nPapst Sixtus V. war f\u00fcr den Bau der ber\u00fchmten Vatikanischen Bibliothek und des Granitobelisken auf dem Petersplatz verantwortlich. Seine Person wird jedoch haupts\u00e4chlich mit dem Kampf gegen das Banditentum, seiner strengen Moralisierung der Sitten und der allgemeinen Versch\u00f6nerung Roms in Verbindung gebracht. Er blieb seiner Heimat stets verbunden und griff mehrmals ein, um ihr politisches Schicksal zu ver\u00e4ndern und Wohlstand und Ansehen zu f\u00f6rdern.<br \/>\nIm Laufe der Jahrhunderte wurde Grottammare zum Sitz eines Regierungsb\u00fcros, das an den Str\u00e4nden von San Benedetto, Cupra und Pedaso ein- und ausschiffte; es beherbergte Garibaldi und kurze Zeit sp\u00e4ter Viktor Emanuel II.<br \/>\nSp\u00e4ter, zu Beginn des 20. Jahrhunderts, wurde Grottammare zu einem beliebten Ferienort, und zahlreiche h\u00fcbsche Jugendstilvillen, darunter die Villa Trento, wurden in K\u00fcstenn\u00e4he von wohlhabenden Urlauberfamilien gebaut, die diesen Ort als st\u00e4ndigen Sommersitz gew\u00e4hlt hatten. Die pr\u00e4chtige Palmen- und Oleanderallee, die den gesamten K\u00fcstenstreifen schm\u00fcckt, unterstreicht den Farbkontrast, der vom intensiven Blau des Wassers am Horizont zu helleren Schattierungen am Ufer \u00fcbergeht, sich mit der elfenbeinfarbenen Farbe eines hauchd\u00fcnnen Sandmantels vermischt und mit dem dunklen Gr\u00fcn des Pinienwaldes verschmilzt. Seit drei Jahrhunderten wird sie als die Perle der Adria gefeiert.<br \/>\nDer 5 km lange Strand, der von Orangenhainen und Palmen umgeben ist und \u00fcber gut ausgestattete Badestellen verf\u00fcgt, wird von einem Radweg entlang des Meeres ges\u00e4umt, der in einem angenehmen Spaziergang nach Cupra Marittima f\u00fchrt.<br \/>\nGrottammare wurde mit der &#8222;Bandiera Blu&#8220; (Blaue Flagge) und den drei &#8222;Vele Blu&#8220; (Blaue Segel) von Legambiente ausgezeichnet und steht auf der Liste der &#8222;I Borghi pi\u00f9 belli d&#8217;Italia&#8220; (Italiens sch\u00f6nste D\u00f6rfer).<\/p>\n<\/div><\/div><\/div><\/div><div class=\"wpb_column vc_column_container\"><div class=\"vc_column-inner\"><div class=\"w-image align_none\"><div class=\"w-image-h\"><img decoding=\"async\" width=\"720\" height=\"720\" src=\"https:\/\/fontemaggiobedandbreakfast.it\/wp-content\/uploads\/2023\/07\/01-Grottammare-2552\u00a9cappelletti.jpg\" class=\"attachment-large size-large\" alt=\"\" loading=\"lazy\" srcset=\"https:\/\/fontemaggiobedandbreakfast.it\/wp-content\/uploads\/2023\/07\/01-Grottammare-2552\u00a9cappelletti.jpg 720w, https:\/\/fontemaggiobedandbreakfast.it\/wp-content\/uploads\/2023\/07\/01-Grottammare-2552\u00a9cappelletti-300x300.jpg 300w, https:\/\/fontemaggiobedandbreakfast.it\/wp-content\/uploads\/2023\/07\/01-Grottammare-2552\u00a9cappelletti-150x150.jpg 150w\" sizes=\"auto, (max-width: 720px) 100vw, 720px\" \/><\/div><\/div><\/div><\/div><\/div><\/div><\/section><section class=\"l-section wpb_row us_custom_ee4b5548 height_auto width_full\"><div class=\"l-section-h i-cf\"><div class=\"g-cols vc_row via_grid cols_2 laptops-cols_inherit tablets-cols_inherit mobiles-cols_1 valign_middle type_default stacking_default\"><div class=\"wpb_column vc_column_container\"><div class=\"vc_column-inner\"><div class=\"w-image align_none\"><div class=\"w-image-h\"><img decoding=\"async\" width=\"1024\" height=\"576\" src=\"https:\/\/fontemaggiobedandbreakfast.it\/wp-content\/uploads\/2023\/07\/Comune-Grottammare-1-1024x576.webp\" class=\"attachment-large size-large\" alt=\"\" loading=\"lazy\" srcset=\"https:\/\/fontemaggiobedandbreakfast.it\/wp-content\/uploads\/2023\/07\/Comune-Grottammare-1-1024x576.webp 1024w, https:\/\/fontemaggiobedandbreakfast.it\/wp-content\/uploads\/2023\/07\/Comune-Grottammare-1-300x169.webp 300w, https:\/\/fontemaggiobedandbreakfast.it\/wp-content\/uploads\/2023\/07\/Comune-Grottammare-1.webp 1230w\" sizes=\"auto, (max-width: 1024px) 100vw, 1024px\" \/><\/div><\/div><div class=\"w-separator size_medium\"><\/div><div class=\"w-image align_none\"><div class=\"w-image-h\"><img decoding=\"async\" width=\"1024\" height=\"685\" src=\"https:\/\/fontemaggiobedandbreakfast.it\/wp-content\/uploads\/2023\/07\/30062023-grottammare-lungomare-1-1024x685.webp\" class=\"attachment-large size-large\" alt=\"\" loading=\"lazy\" srcset=\"https:\/\/fontemaggiobedandbreakfast.it\/wp-content\/uploads\/2023\/07\/30062023-grottammare-lungomare-1-1024x685.webp 1024w, https:\/\/fontemaggiobedandbreakfast.it\/wp-content\/uploads\/2023\/07\/30062023-grottammare-lungomare-1-300x201.webp 300w, https:\/\/fontemaggiobedandbreakfast.it\/wp-content\/uploads\/2023\/07\/30062023-grottammare-lungomare-1.webp 1620w\" sizes=\"auto, (max-width: 1024px) 100vw, 1024px\" \/><\/div><\/div><\/div><\/div><div class=\"wpb_column vc_column_container us_custom_2ad99fe7\"><div class=\"vc_column-inner\"><div class=\"w-separator size_small\"><\/div><div class=\"wpb_text_column\"><div class=\"wpb_wrapper\"><p>Sehenswertes in Grottammare:<\/p>\n<ul>\n<li>Kirche S. Agostino, Kirche S. Lucia (erbaut an der Stelle, an der Sixtus V. geboren wurde), Teatro dell&#8217;Arancio und Kirche San Giovanni Battista, in der sich das Sixtinische Museum befindet.<\/li>\n<li>Der Torrione della Battaglia (Kampfturm), der wahrscheinlich zwischen dem 15. und 16. Jahrhundert erbaut wurde, beherbergt eine wunderbare Sammlung von Werken des Bildhauers Pericle Fazzini, dem Sch\u00f6pfer der ber\u00fchmten Auferstehung in der Vatikanhalle von Paul VI, der in Grottammare geboren wurde und sein ganzes Leben lang eine enge emotionale und sch\u00f6pferische Beziehung zu seiner Heimatstadt aufrechterhielt, sowie das Museum Il Tarpato, das Giacomo Pomili gewidmet ist.<\/li>\n<li>Kirche San Martino, die an der Stelle errichtet wurde, an der einst der Tempel der gro\u00dfen etruskischen G\u00f6ttin Cupra stand.<\/li>\n<li>Die Oase Santa Maria dei Monti geht auf den Beginn des 17. Jahrhunderts zur\u00fcck und ist das Werk von Pater Nicola da Monteprandone, einem Mitglied des Ordens der reformierten Minderen M\u00f6nche, der die Gr\u00fcndung einer religi\u00f6sen Gemeinschaft an der Stelle eines kleinen Marienheiligtums vorschlug, das zwischen dem 14. und 15.<\/li>\n<li>Das Museum im Kursaal beherbergt eine reiche Sammlung von Kunstwerken, darunter Zeichnungen, Filmplakate, Skizzen und satirische Illustrationen, die von bekannten italienischen K\u00fcnstlern wie Tot\u00f2, Massimo Troisi, Dario Fo, Milo Manara und Sergio Staino unterzeichnet wurden.<\/li>\n<li>Viale Marino, die Pflasterung dieser Allee besteht aus Porphyr und wei\u00dfem Carrara-Marmor<\/li>\n<\/ul>\n<p>&nbsp;<\/p>\n<p>Besondere Ereignisse in Grottammare:<\/p>\n<ul>\n<li><em>Kabarett amoremio!<\/em> &#8211; eine der gr\u00f6\u00dften humoristischen Veranstaltungen auf nationaler Ebene.(August)<\/li>\n<li><em>Liszt-Festival<\/em> (Juli\/August)<\/li>\n<li><em>Juttenizie &#8211; <\/em>Essensst\u00e4nde mit typischen lokalen Produkten (August\/September)<\/li>\n<li><em>Lebendige Krippe &#8211;<\/em>(26. Dezember\/1. und 6. Januar)<\/li>\n<li><em>Fest von San Paterniano<\/em> &#8211; Seit dem 10. Juli 1571 feiert Grottammare seinen Schutzpatron, San Paterniano. Lokaler Markt, Essensst\u00e4nde, historischer Festzug und Feuerwerk.<\/li>\n<li>St. Martin&#8217;s <em>Fair<\/em> &#8211; (Wochenende vor dem 11. November, St. Martin&#8217;s Day) Es wird gesch\u00e4tzt, dass jedes Jahr Tausende von Besuchern die Messe besuchen und eine wachsende Zahl von Betreibern, Ausstellern und Verk\u00e4ufern sich f\u00fcr einen speziellen Bereich auf der Messe anmelden.<\/li>\n<\/ul>\n<p>&nbsp;<\/p>\n<p><a href=\"https:\/\/www.fontemaggiobedandbreakfast.it\/wp-content\/uploads\/2016\/12\/guida-grottammare.pdf\">Der vollst\u00e4ndige Reisef\u00fchrer f\u00fcr Grottammare<\/a><\/p>\n<\/div><\/div><\/div><\/div><\/div><\/div><\/section><section class=\"l-section wpb_row us_custom_0d15be52 height_small\" id=\"Tarifstandard\"><div class=\"l-section-h i-cf\"><div class=\"g-cols vc_row via_grid cols_1 laptops-cols_inherit tablets-cols_inherit mobiles-cols_1 valign_middle type_default stacking_default\"><div class=\"wpb_column vc_column_container\"><div class=\"vc_column-inner\"><section class=\"l-section wpb_row height_small\"><div class=\"l-section-h i-cf\"><div class=\"g-cols vc_row via_grid cols_1 laptops-cols_inherit tablets-cols_inherit mobiles-cols_1 valign_top type_default stacking_default\"><div class=\"wpb_column vc_column_container\"><div class=\"vc_column-inner\"><div class=\"wpb_text_column\"><div class=\"wpb_wrapper\"><h3>Bedingungen f\u00fcr den Aufenthalt<\/h3>\n<\/div><\/div><div class=\"w-separator size_small\"><\/div><div class=\"wpb_text_column\"><div class=\"wpb_wrapper\"><p><strong>Check In:<\/strong> von 8:00 bis 22:00 Uhr, immer mit vorheriger Anmeldung unter 349 1235286<br \/>\n<strong>Auschecken:<\/strong> 11:00 Uhr.<br \/>\nSie m\u00fcssen Ihr Zimmer bis 11 Uhr verlassen, k\u00f6nnen aber den ganzen Tag \u00fcber die Gemeinschaftsr\u00e4ume au\u00dferhalb des Bed &amp; Breakfast nutzen<\/p>\n<\/div><\/div><div class=\"w-separator size_medium\"><\/div><div class=\"w-hwrapper hide_on_tablets hide_on_mobiles valign_top align_center\" style=\"--hwrapper-gap:1.20rem\"><div class=\"w-btn-wrapper align_none\"><a class=\"w-btn us-btn-style_2\" href=\"#\"><span class=\"w-btn-label\">VERF\u00dcGBARKEIT PR\u00dcFEN<\/span><\/a><\/div><div class=\"w-btn-wrapper align_none\"><a class=\"w-btn us-btn-style_2\" title=\"Unsere Dienstleistungen\" href=\"https:\/\/fontemaggiobedandbreakfast.it\/de\/unsere-dienstleistungen\/\"><span class=\"w-btn-label\">UNSERE DIENSTLEISTUNGEN<\/span><\/a><\/div><div class=\"w-btn-wrapper align_none\"><a class=\"w-btn us-btn-style_2\" title=\"Kontakte\" href=\"https:\/\/fontemaggiobedandbreakfast.it\/de\/kontakte\/\"><span class=\"w-btn-label\">INFORMATIONEN ANFORDERN<\/span><\/a><\/div><\/div><div class=\"w-hwrapper hide_on_tablets hide_on_mobiles valign_top align_center\" style=\"--hwrapper-gap:1.20rem\"><\/div><\/div><\/div><\/div><\/div><\/section><section class=\"l-section wpb_row hide_on_default hide_on_laptops height_small\"><div class=\"l-section-h i-cf\"><div class=\"g-cols vc_row via_grid cols_1 laptops-cols_inherit tablets-cols_inherit mobiles-cols_1 valign_top type_default stacking_default\"><div class=\"wpb_column vc_column_container\"><div class=\"vc_column-inner\"><div class=\"w-btn-wrapper align_center\"><a class=\"w-btn us-btn-style_2\" href=\"#\"><span class=\"w-btn-label\">VERF\u00dcGBARKEIT PR\u00dcFEN<\/span><\/a><\/div><div class=\"w-btn-wrapper align_center\"><a class=\"w-btn us-btn-style_2\" title=\"Unsere Dienstleistungen\" href=\"https:\/\/neverlandstudio.it\/i-nostri-servizi\/\"><span class=\"w-btn-label\">UNSERE DIENSTLEISTUNGEN<\/span><\/a><\/div><div class=\"w-btn-wrapper align_center\"><a class=\"w-btn us-btn-style_2\" title=\"Kontakte\" href=\"https:\/\/fontemaggiobedandbreakfast.it\/de\/kontakte\/\"><span class=\"w-btn-label\">INFORMATIONEN ANFORDERN<\/span><\/a><\/div><\/div><\/div><\/div><\/div><\/section>\n<\/div><\/div><\/div><\/div><\/section>\n","protected":false},"excerpt":{"rendered":"Grottammare, die Perle der Adriak\u00fcste Geschichte Der historische Ursprung von Grottammare hat antike Wurzeln. An der Stelle, an der heute die Kirche San Martino steht, wurden die \u00dcberreste eines Tempels einer heidnischen Gottheit, der G\u00f6ttin Cupra, gefunden. In der Kirche befindet sich neben den \u00dcberresten des heidnischen Heiligtums, das in eine S\u00e4ule eingemauert ist, eine...","protected":false},"author":1,"featured_media":0,"parent":0,"menu_order":0,"comment_status":"closed","ping_status":"open","template":"","meta":{"footnotes":""},"class_list":["post-1136","page","type-page","status-publish","hentry"],"yoast_head":"<!-- This site is optimized with the Yoast SEO plugin v27.1.1 - https:\/\/yoast.com\/product\/yoast-seo-wordpress\/ -->\n<title>Grottammare, die Perle der Adriak\u00fcste - Dimora Fontemaggio<\/title>\n<meta name=\"robots\" content=\"index, follow, max-snippet:-1, max-image-preview:large, max-video-preview:-1\" \/>\n<link rel=\"canonical\" href=\"https:\/\/fontemaggiobedandbreakfast.it\/de\/natur-umgebung-und-unterhaltung-4\/\" \/>\n<meta property=\"og:locale\" content=\"de_DE\" \/>\n<meta property=\"og:type\" content=\"article\" \/>\n<meta property=\"og:title\" content=\"Grottammare, die Perle der Adriak\u00fcste - Dimora Fontemaggio\" \/>\n<meta property=\"og:url\" content=\"https:\/\/fontemaggiobedandbreakfast.it\/de\/natur-umgebung-und-unterhaltung-4\/\" \/>\n<meta property=\"og:site_name\" content=\"Dimora Fontemaggio\" \/>\n<meta property=\"article:modified_time\" content=\"2023-07-25T14:50:55+00:00\" \/>\n<meta name=\"twitter:card\" content=\"summary_large_image\" \/>\n<meta name=\"twitter:label1\" content=\"Gesch\u00e4tzte Lesezeit\" \/>\n\t<meta name=\"twitter:data1\" content=\"6\u00a0Minuten\" \/>\n<script type=\"application\/ld+json\" class=\"yoast-schema-graph\">{\"@context\":\"https:\/\/schema.org\",\"@graph\":[{\"@type\":\"WebPage\",\"@id\":\"https:\/\/fontemaggiobedandbreakfast.it\/de\/natur-umgebung-und-unterhaltung-4\/\",\"url\":\"https:\/\/fontemaggiobedandbreakfast.it\/de\/natur-umgebung-und-unterhaltung-4\/\",\"name\":\"Grottammare, die Perle der Adriak\u00fcste - Dimora Fontemaggio\",\"isPartOf\":{\"@id\":\"https:\/\/fontemaggiobedandbreakfast.it\/de\/#website\"},\"datePublished\":\"2023-07-20T15:07:43+00:00\",\"dateModified\":\"2023-07-25T14:50:55+00:00\",\"breadcrumb\":{\"@id\":\"https:\/\/fontemaggiobedandbreakfast.it\/de\/natur-umgebung-und-unterhaltung-4\/#breadcrumb\"},\"inLanguage\":\"de\",\"potentialAction\":[{\"@type\":\"ReadAction\",\"target\":[\"https:\/\/fontemaggiobedandbreakfast.it\/de\/natur-umgebung-und-unterhaltung-4\/\"]}]},{\"@type\":\"BreadcrumbList\",\"@id\":\"https:\/\/fontemaggiobedandbreakfast.it\/de\/natur-umgebung-und-unterhaltung-4\/#breadcrumb\",\"itemListElement\":[{\"@type\":\"ListItem\",\"position\":1,\"name\":\"Home\",\"item\":\"https:\/\/fontemaggiobedandbreakfast.it\/de\/\"},{\"@type\":\"ListItem\",\"position\":2,\"name\":\"Grottammare, die Perle der Adriak\u00fcste\"}]},{\"@type\":\"WebSite\",\"@id\":\"https:\/\/fontemaggiobedandbreakfast.it\/de\/#website\",\"url\":\"https:\/\/fontemaggiobedandbreakfast.it\/de\/\",\"name\":\"Dimora Fontemaggio\",\"description\":\"\",\"potentialAction\":[{\"@type\":\"SearchAction\",\"target\":{\"@type\":\"EntryPoint\",\"urlTemplate\":\"https:\/\/fontemaggiobedandbreakfast.it\/de\/?s={search_term_string}\"},\"query-input\":{\"@type\":\"PropertyValueSpecification\",\"valueRequired\":true,\"valueName\":\"search_term_string\"}}],\"inLanguage\":\"de\"}]}<\/script>\n<!-- \/ Yoast SEO plugin. -->","yoast_head_json":{"title":"Grottammare, die Perle der Adriak\u00fcste - Dimora Fontemaggio","robots":{"index":"index","follow":"follow","max-snippet":"max-snippet:-1","max-image-preview":"max-image-preview:large","max-video-preview":"max-video-preview:-1"},"canonical":"https:\/\/fontemaggiobedandbreakfast.it\/de\/natur-umgebung-und-unterhaltung-4\/","og_locale":"de_DE","og_type":"article","og_title":"Grottammare, die Perle der Adriak\u00fcste - Dimora Fontemaggio","og_url":"https:\/\/fontemaggiobedandbreakfast.it\/de\/natur-umgebung-und-unterhaltung-4\/","og_site_name":"Dimora Fontemaggio","article_modified_time":"2023-07-25T14:50:55+00:00","twitter_card":"summary_large_image","twitter_misc":{"Gesch\u00e4tzte Lesezeit":"6\u00a0Minuten"},"schema":{"@context":"https:\/\/schema.org","@graph":[{"@type":"WebPage","@id":"https:\/\/fontemaggiobedandbreakfast.it\/de\/natur-umgebung-und-unterhaltung-4\/","url":"https:\/\/fontemaggiobedandbreakfast.it\/de\/natur-umgebung-und-unterhaltung-4\/","name":"Grottammare, die Perle der Adriak\u00fcste - Dimora Fontemaggio","isPartOf":{"@id":"https:\/\/fontemaggiobedandbreakfast.it\/de\/#website"},"datePublished":"2023-07-20T15:07:43+00:00","dateModified":"2023-07-25T14:50:55+00:00","breadcrumb":{"@id":"https:\/\/fontemaggiobedandbreakfast.it\/de\/natur-umgebung-und-unterhaltung-4\/#breadcrumb"},"inLanguage":"de","potentialAction":[{"@type":"ReadAction","target":["https:\/\/fontemaggiobedandbreakfast.it\/de\/natur-umgebung-und-unterhaltung-4\/"]}]},{"@type":"BreadcrumbList","@id":"https:\/\/fontemaggiobedandbreakfast.it\/de\/natur-umgebung-und-unterhaltung-4\/#breadcrumb","itemListElement":[{"@type":"ListItem","position":1,"name":"Home","item":"https:\/\/fontemaggiobedandbreakfast.it\/de\/"},{"@type":"ListItem","position":2,"name":"Grottammare, die Perle der Adriak\u00fcste"}]},{"@type":"WebSite","@id":"https:\/\/fontemaggiobedandbreakfast.it\/de\/#website","url":"https:\/\/fontemaggiobedandbreakfast.it\/de\/","name":"Dimora Fontemaggio","description":"","potentialAction":[{"@type":"SearchAction","target":{"@type":"EntryPoint","urlTemplate":"https:\/\/fontemaggiobedandbreakfast.it\/de\/?s={search_term_string}"},"query-input":{"@type":"PropertyValueSpecification","valueRequired":true,"valueName":"search_term_string"}}],"inLanguage":"de"}]}},"_links":{"self":[{"href":"https:\/\/fontemaggiobedandbreakfast.it\/de\/wp-json\/wp\/v2\/pages\/1136","targetHints":{"allow":["GET"]}}],"collection":[{"href":"https:\/\/fontemaggiobedandbreakfast.it\/de\/wp-json\/wp\/v2\/pages"}],"about":[{"href":"https:\/\/fontemaggiobedandbreakfast.it\/de\/wp-json\/wp\/v2\/types\/page"}],"author":[{"embeddable":true,"href":"https:\/\/fontemaggiobedandbreakfast.it\/de\/wp-json\/wp\/v2\/users\/1"}],"replies":[{"embeddable":true,"href":"https:\/\/fontemaggiobedandbreakfast.it\/de\/wp-json\/wp\/v2\/comments?post=1136"}],"version-history":[{"count":8,"href":"https:\/\/fontemaggiobedandbreakfast.it\/de\/wp-json\/wp\/v2\/pages\/1136\/revisions"}],"predecessor-version":[{"id":1380,"href":"https:\/\/fontemaggiobedandbreakfast.it\/de\/wp-json\/wp\/v2\/pages\/1136\/revisions\/1380"}],"wp:attachment":[{"href":"https:\/\/fontemaggiobedandbreakfast.it\/de\/wp-json\/wp\/v2\/media?parent=1136"}],"curies":[{"name":"wp","href":"https:\/\/api.w.org\/{rel}","templated":true}]}}