{"id":1104,"date":"2023-07-20T15:57:57","date_gmt":"2023-07-20T14:57:57","guid":{"rendered":"https:\/\/fontemaggiobedandbreakfast.it\/?page_id=1104"},"modified":"2023-07-25T15:47:55","modified_gmt":"2023-07-25T14:47:55","slug":"natur-umgebung-und-unterhaltung-3","status":"publish","type":"page","link":"https:\/\/fontemaggiobedandbreakfast.it\/de\/natur-umgebung-und-unterhaltung-3\/","title":{"rendered":"Offida, Stadt des L\u00e4chelns"},"content":{"rendered":"<section class=\"l-section wpb_row us_custom_3b52b4dd height_auto width_full\"><div class=\"l-section-h i-cf\"><div class=\"g-cols vc_row via_grid cols_1 laptops-cols_inherit tablets-cols_inherit mobiles-cols_1 valign_top type_default stacking_default\"><div class=\"wpb_column vc_column_container\"><div class=\"vc_column-inner\"><div class=\"w-image align_none\"><div class=\"w-image-h\"><img decoding=\"async\" width=\"1920\" height=\"900\" src=\"https:\/\/fontemaggiobedandbreakfast.it\/wp-content\/uploads\/2023\/07\/offida-cover-1920.jpg\" class=\"attachment-full size-full\" alt=\"\" loading=\"lazy\" srcset=\"https:\/\/fontemaggiobedandbreakfast.it\/wp-content\/uploads\/2023\/07\/offida-cover-1920.jpg 1920w, https:\/\/fontemaggiobedandbreakfast.it\/wp-content\/uploads\/2023\/07\/offida-cover-1920-300x141.jpg 300w, https:\/\/fontemaggiobedandbreakfast.it\/wp-content\/uploads\/2023\/07\/offida-cover-1920-1024x480.jpg 1024w\" sizes=\"auto, (max-width: 1920px) 100vw, 1920px\" \/><\/div><\/div><\/div><\/div><\/div><\/div><\/section><section class=\"l-section wpb_row us_custom_ee4b5548 height_auto width_full\"><div class=\"l-section-h i-cf\"><div class=\"g-cols vc_row via_grid cols_1 laptops-cols_inherit tablets-cols_inherit mobiles-cols_1 valign_top type_default stacking_default\"><div class=\"wpb_column vc_column_container us_custom_2ad99fe7\"><div class=\"vc_column-inner\"><div class=\"wpb_text_column us_custom_f4f70734 has_text_color\"><div class=\"wpb_wrapper\"><h1>Offida, Stadt des L\u00e4chelns<\/h1>\n<\/div><\/div><div class=\"w-separator size_small\"><\/div><\/div><\/div><\/div><\/div><\/section><section class=\"l-section wpb_row us_custom_ee4b5548 height_auto width_full\"><div class=\"l-section-h i-cf\"><div class=\"g-cols vc_row via_grid cols_2 laptops-cols_inherit tablets-cols_inherit mobiles-cols_1 valign_top type_default stacking_default\"><div class=\"wpb_column vc_column_container us_custom_2ad99fe7\"><div class=\"vc_column-inner\"><div class=\"w-separator size_small\"><\/div><div class=\"wpb_text_column\"><div class=\"wpb_wrapper\"><p><strong>Geschichte<\/strong><br \/>\nDie Entdeckung zahlreicher k\u00fcrzlich ausgegrabener Nekropolen deutet darauf hin, dass Offida bereits in der Steinzeit von den Pelasgern gegr\u00fcndet wurde, die aus Kleinasien stammten und wahrscheinlich die ersten Anzeichen von Zivilisation in diese Gegend brachten.<br \/>\nNach dem Historiker G. Allevi reiste das Volk der Pelasger, gro\u00dfe Kenner des Eisens, reich an Bernstein, Bronze und Glas, aus dem Osten und landete, nachdem es das Meer durchwandert hatte, am Strand der Adria an der Stelle, wo viele Jahrhunderte sp\u00e4ter das heutige Marano (Cupra M. &#8211; oberes Gebiet) entstehen sollte. Andere Historiker, die sich auf die Tatsache st\u00fctzen, dass das Wort Ophis sowohl im Griechischen als auch im Etruskischen die gleiche Bedeutung hat, n\u00e4mlich &#8222;Schlange&#8220;, behaupten, dass die wahren Gr\u00fcnder der Stadt die Etrusker gewesen seien. Letztere werden von vielen als ein orientalisches Volk angesehen, w\u00e4hrend andere sie als ein von der italienischen Halbinsel stammendes Volk betrachten, das, nachdem es mit den bestehenden Hochkulturen in Kontakt gekommen war, einen hohen Grad an Zivilisation erreichte.<\/p>\n<p>W\u00e4hrend der r\u00f6mischen und langobardischen Epoche erlebte die Stadt zweifellos eine gro\u00dfe Bl\u00fctezeit, wie verschiedene arch\u00e4ologische Funde belegen, die heute im Stadtmuseum aufbewahrt und besichtigt werden k\u00f6nnen.<br \/>\nDie Ansiedlung von M\u00f6nchen, die aus Farfa geflohen waren, stellte eine wesentliche Ver\u00e4nderung dar, die die wirtschaftlichen und kommerziellen Bedingungen in der Gegend von Offida verbesserte.<br \/>\nOffida geh\u00f6rte bis 1572 zum gro\u00dfz\u00fcgigen Presidio Farfense, als Papst Gregor XIII. (1502-1585) es der Di\u00f6zese Ascoli anvertraute. In der Zwischenzeit hatte Papst Nikolaus IV. (Anfang des 13. Jahrhunderts &#8211; 1292) bereits am 18. Februar 1291 einigen Gemeinden in den Marken, darunter Offida, das Recht einger\u00e4umt, B\u00fcrgermeister, Konsuln und Prioren zu w\u00e4hlen.<\/p>\n<p>In den folgenden Jahrhunderten war Offida, wie auch andere wichtige Gemeinden der Marken, in die Rivalit\u00e4ten verwickelt, die die Fehden zwischen den Guelfen und den Ghibellinen sowie zwischen Ascoli und Fermo entfachten. Diese K\u00e4mpfe dauerten bis ins 16. Jahrhundert und f\u00fchrten dazu, dass sich Offida endg\u00fcltig auf die Seite von Fermo gegen Ascoli stellte.<br \/>\nAm 8. Februar 1797 marschierten die Franzosen in Ancona ein, am 12. in Macerata und am 13. in Tolentino. Am 28. Februar wurde Ascoli, das im Jahr zuvor besetzt worden war, f\u00fcr republikanisch erkl\u00e4rt und damit das Ende aller p\u00e4pstlichen Autorit\u00e4t verf\u00fcgt.<br \/>\nIm folgenden Jahr wurden die Marken in drei Departements (relativ gro\u00dfe Verwaltungsgebiete) aufgeteilt:<br \/>\n&#8211; das Departement des Flusses Metauro (er entspringt auf der Alpe della Luna an der Grenze zur Toskana und m\u00fcndet s\u00fcdlich von Fano in die Adria) mit seiner Hauptstadt Ancona;<br \/>\n&#8211; das Departement des Flusses Musone (er entspringt in der Gruppe S. Vicino &#8218;mt. 1485&#8216; und m\u00fcndet in der N\u00e4he von Porto Recanati in die Adria) mit Macerata als Hauptort;<br \/>\n&#8211; das Departement des Flusses Tronto (er entspringt in den zentralen Apenninen, flie\u00dft durch Ascoli Piceno und von dort aus durch ein Tal, das \u00fcber mehrere Kilometer die Grenze zwischen den Regionen Marken und Abruzzen markiert) mit der Hauptstadt Fermo. Offida geh\u00f6rt also zu dem Departement mit der Hauptstadt Fermo.<br \/>\nMit dem k\u00f6niglichen Erlass vom 22. Dezember 1860 wurde die neue Verwaltungsgliederung der Region Marken geschaffen. Es wurden vier Provinzen eingerichtet: Pesaro-Urbino, Ancona, Macerata und Ascoli Piceno; die p\u00e4pstlichen Delegationen von Camerino und Fermo wurden aufgel\u00f6st und Offida wurde in die Provinz Ascoli eingegliedert.<br \/>\nIn der Zwischenzeit hatte die Stadt den \u00dcbergang von einer typisch l\u00e4ndlichen Wirtschaft zu einer florierenden Heimindustrie und im letzten Jahrhundert zu einer auf Mechanisierung und Industrialisierung basierenden Wirtschaft vollzogen.<\/p>\n<\/div><\/div><\/div><\/div><div class=\"wpb_column vc_column_container\"><div class=\"vc_column-inner\"><div class=\"w-grid us_carousel type_carousel layout_gallery_default preload_style_spinner\" id=\"us_grid_1\"><style>.layout_gallery_default .w-grid-item-h{}<\/style><div class=\"w-grid-list owl-carousel valign_stretch dotstyle_circle navstyle_circle arrows-ver-pos_middle arrows-hor-pos_on_sides_outside arrows-disabled_hide owl-responsive-2000 autoheight\" style=\"--transition-duration:350ms;\">\t<article class=\"w-grid-item post-1116 attachment type-attachment status-inherit hentry\" data-id=\"1116\">\r\n\t\t<div class=\"w-grid-item-h\">\r\n\t\t\t\t\t\t<div class=\"w-post-elm post_image usg_post_image_1 stretched\"><img loading=\"lazy\" decoding=\"async\" width=\"750\" height=\"420\" src=\"https:\/\/fontemaggiobedandbreakfast.it\/wp-content\/uploads\/2023\/07\/offida-feat.jpg\" class=\"attachment-large size-large\" alt=\"\" srcset=\"https:\/\/fontemaggiobedandbreakfast.it\/wp-content\/uploads\/2023\/07\/offida-feat.jpg 750w, https:\/\/fontemaggiobedandbreakfast.it\/wp-content\/uploads\/2023\/07\/offida-feat-300x168.jpg 300w\" sizes=\"auto, (max-width: 750px) 100vw, 750px\" \/><\/div>\t\t<\/div>\r\n\t\t\t<\/article>\r\n\t<article class=\"w-grid-item post-1119 attachment type-attachment status-inherit hentry\" data-id=\"1119\">\r\n\t\t<div class=\"w-grid-item-h\">\r\n\t\t\t\t\t\t<div class=\"w-post-elm post_image usg_post_image_1 stretched\"><img loading=\"lazy\" decoding=\"async\" width=\"1024\" height=\"768\" src=\"https:\/\/fontemaggiobedandbreakfast.it\/wp-content\/uploads\/2023\/07\/S_Agostino_interno_Offida.jpg\" class=\"attachment-large size-large\" alt=\"Di Cristiano Marchegiani - Opera propria, CC BY-SA 2.5\" srcset=\"https:\/\/fontemaggiobedandbreakfast.it\/wp-content\/uploads\/2023\/07\/S_Agostino_interno_Offida.jpg 1024w, https:\/\/fontemaggiobedandbreakfast.it\/wp-content\/uploads\/2023\/07\/S_Agostino_interno_Offida-300x225.jpg 300w\" sizes=\"auto, (max-width: 1024px) 100vw, 1024px\" \/><\/div>\t\t<\/div>\r\n\t\t\t<\/article>\r\n\t<article class=\"w-grid-item post-1124 attachment type-attachment status-inherit hentry\" data-id=\"1124\">\r\n\t\t<div class=\"w-grid-item-h\">\r\n\t\t\t\t\t\t<div class=\"w-post-elm post_image usg_post_image_1 stretched\"><img loading=\"lazy\" decoding=\"async\" width=\"1024\" height=\"683\" src=\"https:\/\/fontemaggiobedandbreakfast.it\/wp-content\/uploads\/2023\/07\/chiesa-di-santa-maria-della-rocca-offida-1024x683.jpg\" class=\"attachment-large size-large\" alt=\"\" srcset=\"https:\/\/fontemaggiobedandbreakfast.it\/wp-content\/uploads\/2023\/07\/chiesa-di-santa-maria-della-rocca-offida-1024x683.jpg 1024w, https:\/\/fontemaggiobedandbreakfast.it\/wp-content\/uploads\/2023\/07\/chiesa-di-santa-maria-della-rocca-offida-300x200.jpg 300w, https:\/\/fontemaggiobedandbreakfast.it\/wp-content\/uploads\/2023\/07\/chiesa-di-santa-maria-della-rocca-offida.jpg 1600w\" sizes=\"auto, (max-width: 1024px) 100vw, 1024px\" \/><\/div>\t\t<\/div>\r\n\t\t\t<\/article>\r\n<\/div><div class=\"w-grid-carousel-json hidden\" onclick='return {&quot;carousel_settings&quot;:{&quot;aria_labels&quot;:{&quot;prev&quot;:&quot;Zur\\u00fcck&quot;,&quot;next&quot;:&quot;Weiter&quot;},&quot;autoplayContinual&quot;:false,&quot;autoplayHoverPause&quot;:false,&quot;autoplayTimeout&quot;:3000,&quot;autoWidth&quot;:false,&quot;smartSpeed&quot;:350,&quot;margin&quot;:0,&quot;mouseDrag&quot;:true,&quot;rtl&quot;:false,&quot;slideBy&quot;:&quot;1&quot;,&quot;touchDrag&quot;:true,&quot;slideTransition&quot;:&quot;&quot;,&quot;animateIn&quot;:&quot;fadeIn&quot;,&quot;animateOut&quot;:&quot;fadeOut&quot;,&quot;responsive&quot;:{&quot;0&quot;:{&quot;autoHeight&quot;:true,&quot;autoplay&quot;:true,&quot;autoWidth&quot;:false,&quot;center&quot;:false,&quot;dots&quot;:false,&quot;items&quot;:1,&quot;loop&quot;:true,&quot;nav&quot;:false,&quot;stagePadding&quot;:0,&quot;slideBy&quot;:&quot;1&quot;},&quot;601&quot;:{&quot;autoHeight&quot;:true,&quot;autoplay&quot;:true,&quot;autoWidth&quot;:false,&quot;center&quot;:false,&quot;dots&quot;:false,&quot;items&quot;:1,&quot;loop&quot;:true,&quot;nav&quot;:false,&quot;stagePadding&quot;:0,&quot;slideBy&quot;:&quot;1&quot;},&quot;1025&quot;:{&quot;autoHeight&quot;:true,&quot;autoplay&quot;:true,&quot;autoWidth&quot;:false,&quot;center&quot;:false,&quot;dots&quot;:false,&quot;items&quot;:1,&quot;loop&quot;:true,&quot;nav&quot;:false,&quot;stagePadding&quot;:0,&quot;slideBy&quot;:&quot;1&quot;},&quot;1381&quot;:{&quot;items&quot;:1,&quot;autoplay&quot;:true,&quot;center&quot;:false,&quot;dots&quot;:false,&quot;nav&quot;:false,&quot;autoHeight&quot;:true,&quot;autoWidth&quot;:false,&quot;loop&quot;:true,&quot;stagePadding&quot;:0}}}}'><\/div><\/div><\/div><\/div><\/div><\/div><\/section><section class=\"l-section wpb_row us_custom_ee4b5548 height_auto width_full\"><div class=\"l-section-h i-cf\"><div class=\"g-cols vc_row via_grid cols_2 laptops-cols_inherit tablets-cols_inherit mobiles-cols_1 valign_middle type_default stacking_default\"><div class=\"wpb_column vc_column_container\"><div class=\"vc_column-inner\"><div class=\"w-image align_none\"><div class=\"w-image-h\"><img decoding=\"async\" width=\"1024\" height=\"683\" src=\"https:\/\/fontemaggiobedandbreakfast.it\/wp-content\/uploads\/2023\/07\/chiesa-di-santa-maria-della-rocca-offida-1024x683.jpg\" class=\"attachment-large size-large\" alt=\"\" loading=\"lazy\" srcset=\"https:\/\/fontemaggiobedandbreakfast.it\/wp-content\/uploads\/2023\/07\/chiesa-di-santa-maria-della-rocca-offida-1024x683.jpg 1024w, https:\/\/fontemaggiobedandbreakfast.it\/wp-content\/uploads\/2023\/07\/chiesa-di-santa-maria-della-rocca-offida-300x200.jpg 300w, https:\/\/fontemaggiobedandbreakfast.it\/wp-content\/uploads\/2023\/07\/chiesa-di-santa-maria-della-rocca-offida.jpg 1600w\" sizes=\"auto, (max-width: 1024px) 100vw, 1024px\" \/><\/div><\/div><\/div><\/div><div class=\"wpb_column vc_column_container us_custom_2ad99fe7\"><div class=\"vc_column-inner\"><div class=\"w-separator size_small\"><\/div><div class=\"wpb_text_column\"><div class=\"wpb_wrapper\"><p><strong>Sehenswertes in Offida:<\/strong><\/p>\n<ul>\n<li>Die <strong>Stadtmauern<\/strong> aus dem 12. bis 15. Jahrhundert.<\/li>\n<li>Palazzo De Castellotti &#8211; Pagnanelli (1800) Der Palast beherbergt auch das<strong>Arch\u00e4ologische Museum<\/strong>&#8222;G. Allevi&#8220;, das <strong>&#8222;Museum f\u00fcr Volkstraditionen<\/strong> &#8220; und die <strong>St\u00e4dtische Kunstgalerie<\/strong>.<\/li>\n<li>Die <strong>Piazza del Popolo<\/strong> mit ihrer ungew\u00f6hnlichen dreieckigen Form ist das Zentrum der Stadt und der Ort, an dem die wichtigsten Veranstaltungen stattfinden.<\/li>\n<li><strong>Stadtpalast (Rathaus<\/strong>),<\/li>\n<li>eines der besten Beispiele der b\u00fcrgerlichen Architektur des 15. Jahrhunderts in den Marken. Die bezaubernde obere Loggia des Geb\u00e4udes und die Schwalbenschwanzzinnen verleihen dem Platz ein unvergessliches Flair.<\/li>\n<li><strong><br \/>\n  <a href=\"http:\/\/www.turismoffida.com\/it\/teatro-serpente-aureo.html\">Das Theater der Goldenen Schlange<\/a><br \/>\n<\/strong> ist ein wundersch\u00f6nes Theater aus dem 18. Jahrhundert, das mit Stuck und vergoldeten Schnitzereien verziert ist<\/li>\n<li><a href=\"http:\/\/www.turismoffida.com\/it\/collegiata.html\">Collegiata<\/a> (Kirche), deren Fassade eine Mischung aus verschiedenen Stilen darstellt, die Kirche der Schmerzensmutter, in der der &#8222;Sarg&#8220; (wie der \u00fcberdachte Wagen, in dem die Statue des toten Christus liegt, gemeinhin genannt wird) aufbewahrt wird, und die <a href=\"http:\/\/www.turismoffida.com\/it\/sant'agostino.html\">Augustinerkirche<\/a>, in der die Reliquien des eucharistischen Wunders aufbewahrt werden.<\/li>\n<li>Die Kirche von <strong><br \/>\n  <a href=\"http:\/\/www.turismoffida.com\/it\/santa-maria-della-rocca.html\">Santa Maria della Rocca<\/a><br \/>\n<\/strong> unweit des Hauptplatzes. Die romanisch-gotische Kirche ist eines der wichtigsten Beispiele kl\u00f6sterlicher Kunst in der Region Piceno. Das Geb\u00e4ude wurde zun\u00e4chst als langobardische Burg errichtet und dann um das Jahr 1000 der Abtei von Farfa anvertraut. Das heutige Geb\u00e4ude stammt aus dem Jahr 1330 und ist ein deutliches Zeugnis f\u00fcr die Besonderheiten des kl\u00f6sterlichen Stils der Pikeniere.<\/li>\n<\/ul>\n<p><strong>Die wichtigsten Ereignisse von Offida:<\/strong><\/p>\n<ul>\n<li><em>Belletristik-Biennale &#8211; Joyce-Lussu-Literaturpreis der Stadt Offida<\/em> f\u00fcr Kurzgeschichtensammlungen<\/li>\n<li><em>Karneval<\/em> (Januar, Februar) mit vielen damit verbundenen Veranstaltungen wie &#8222;lu Bove finte&#8220;.<\/li>\n<li>Offida Festival, Fest des Dreschens, der Wildschweine und anderer Spezialit\u00e4ten (erste Juliwoche)<\/li>\n<li><em>Woche der Kl\u00f6ppelspitze<\/em> (Juli), Workshops, Wettbewerbe, Konferenzen, die der traditionellen Kunst des Kl\u00f6ppelns gewidmet sind.<\/li>\n<li><em>Gustandoffida&#8220;<\/em> (Juli), kulinarisches Fest in den Stra\u00dfen des Dorfes.<\/li>\n<li><em>Ciborghi d&#8217;Italia&#8220;<\/em> (Juli), Fest der typischen lokalen Gerichte<\/li>\n<li><em>Opernfestival Offida<\/em> (September),<\/li>\n<li><em>DiVino in Vino<\/em> (September), Verkostungen und gef\u00fchrte Abendessen<\/li>\n<\/ul>\n<p>Weitere Informationen zu Veranstaltungen und Routen finden Sie auf der <a href=\"http:\/\/www.turismoffida.com\/it\/index.html\">offiziellen Website<\/a><\/p>\n<\/div><\/div><\/div><\/div><\/div><\/div><\/section><section class=\"l-section wpb_row us_custom_0d15be52 height_small\" id=\"Tarifstandard\"><div class=\"l-section-h i-cf\"><div class=\"g-cols vc_row via_grid cols_1 laptops-cols_inherit tablets-cols_inherit mobiles-cols_1 valign_middle type_default stacking_default\"><div class=\"wpb_column vc_column_container\"><div class=\"vc_column-inner\"><section class=\"l-section wpb_row height_small\"><div class=\"l-section-h i-cf\"><div class=\"g-cols vc_row via_grid cols_1 laptops-cols_inherit tablets-cols_inherit mobiles-cols_1 valign_top type_default stacking_default\"><div class=\"wpb_column vc_column_container\"><div class=\"vc_column-inner\"><div class=\"wpb_text_column\"><div class=\"wpb_wrapper\"><h3>Bedingungen f\u00fcr den Aufenthalt<\/h3>\n<\/div><\/div><div class=\"w-separator size_small\"><\/div><div class=\"wpb_text_column\"><div class=\"wpb_wrapper\"><p><strong>Check In:<\/strong> von 8:00 bis 22:00 Uhr, immer mit vorheriger Anmeldung unter 349 1235286<br \/>\n<strong>Auschecken:<\/strong> 11:00 Uhr.<br \/>\nSie m\u00fcssen Ihr Zimmer bis 11 Uhr verlassen, k\u00f6nnen aber den ganzen Tag \u00fcber die Gemeinschaftsr\u00e4ume au\u00dferhalb des Bed &amp; Breakfast nutzen<\/p>\n<\/div><\/div><div class=\"w-separator size_medium\"><\/div><div class=\"w-hwrapper hide_on_tablets hide_on_mobiles valign_top align_center\" style=\"--hwrapper-gap:1.20rem\"><div class=\"w-btn-wrapper align_none\"><a class=\"w-btn us-btn-style_2\" href=\"#\"><span class=\"w-btn-label\">VERF\u00dcGBARKEIT PR\u00dcFEN<\/span><\/a><\/div><div class=\"w-btn-wrapper align_none\"><a class=\"w-btn us-btn-style_2\" title=\"Unsere Dienstleistungen\" href=\"https:\/\/fontemaggiobedandbreakfast.it\/de\/unsere-dienstleistungen\/\"><span class=\"w-btn-label\">UNSERE DIENSTLEISTUNGEN<\/span><\/a><\/div><div class=\"w-btn-wrapper align_none\"><a class=\"w-btn us-btn-style_2\" title=\"Kontakte\" href=\"https:\/\/fontemaggiobedandbreakfast.it\/de\/kontakte\/\"><span class=\"w-btn-label\">INFORMATIONEN ANFORDERN<\/span><\/a><\/div><\/div><div class=\"w-hwrapper hide_on_tablets hide_on_mobiles valign_top align_center\" style=\"--hwrapper-gap:1.20rem\"><\/div><\/div><\/div><\/div><\/div><\/section><section class=\"l-section wpb_row hide_on_default hide_on_laptops height_small\"><div class=\"l-section-h i-cf\"><div class=\"g-cols vc_row via_grid cols_1 laptops-cols_inherit tablets-cols_inherit mobiles-cols_1 valign_top type_default stacking_default\"><div class=\"wpb_column vc_column_container\"><div class=\"vc_column-inner\"><div class=\"w-btn-wrapper align_center\"><a class=\"w-btn us-btn-style_2\" href=\"#\"><span class=\"w-btn-label\">VERF\u00dcGBARKEIT PR\u00dcFEN<\/span><\/a><\/div><div class=\"w-btn-wrapper align_center\"><a class=\"w-btn us-btn-style_2\" title=\"Unsere Dienstleistungen\" href=\"https:\/\/neverlandstudio.it\/i-nostri-servizi\/\"><span class=\"w-btn-label\">UNSERE DIENSTLEISTUNGEN<\/span><\/a><\/div><div class=\"w-btn-wrapper align_center\"><a class=\"w-btn us-btn-style_2\" title=\"Kontakte\" href=\"https:\/\/fontemaggiobedandbreakfast.it\/de\/kontakte\/\"><span class=\"w-btn-label\">INFORMATIONEN ANFORDERN<\/span><\/a><\/div><\/div><\/div><\/div><\/div><\/section>\n<\/div><\/div><\/div><\/div><\/section>\n","protected":false},"excerpt":{"rendered":"","protected":false},"author":1,"featured_media":0,"parent":0,"menu_order":0,"comment_status":"closed","ping_status":"open","template":"","meta":{"footnotes":""},"class_list":["post-1104","page","type-page","status-publish","hentry"],"yoast_head":"<!-- This site is optimized with the Yoast SEO plugin v27.1.1 - https:\/\/yoast.com\/product\/yoast-seo-wordpress\/ -->\n<title>Offida, Stadt des L\u00e4chelns - Dimora Fontemaggio<\/title>\n<meta name=\"robots\" content=\"index, follow, max-snippet:-1, max-image-preview:large, max-video-preview:-1\" \/>\n<link rel=\"canonical\" href=\"https:\/\/fontemaggiobedandbreakfast.it\/de\/natur-umgebung-und-unterhaltung-3\/\" \/>\n<meta property=\"og:locale\" content=\"de_DE\" \/>\n<meta property=\"og:type\" content=\"article\" \/>\n<meta property=\"og:title\" content=\"Offida, Stadt des L\u00e4chelns - Dimora Fontemaggio\" \/>\n<meta property=\"og:url\" content=\"https:\/\/fontemaggiobedandbreakfast.it\/de\/natur-umgebung-und-unterhaltung-3\/\" \/>\n<meta property=\"og:site_name\" content=\"Dimora Fontemaggio\" \/>\n<meta property=\"article:modified_time\" content=\"2023-07-25T14:47:55+00:00\" \/>\n<meta name=\"twitter:card\" content=\"summary_large_image\" \/>\n<meta name=\"twitter:label1\" content=\"Gesch\u00e4tzte Lesezeit\" \/>\n\t<meta name=\"twitter:data1\" content=\"6\u00a0Minuten\" \/>\n<script type=\"application\/ld+json\" class=\"yoast-schema-graph\">{\"@context\":\"https:\/\/schema.org\",\"@graph\":[{\"@type\":\"WebPage\",\"@id\":\"https:\/\/fontemaggiobedandbreakfast.it\/de\/natur-umgebung-und-unterhaltung-3\/\",\"url\":\"https:\/\/fontemaggiobedandbreakfast.it\/de\/natur-umgebung-und-unterhaltung-3\/\",\"name\":\"Offida, Stadt des L\u00e4chelns - Dimora Fontemaggio\",\"isPartOf\":{\"@id\":\"https:\/\/fontemaggiobedandbreakfast.it\/de\/#website\"},\"datePublished\":\"2023-07-20T14:57:57+00:00\",\"dateModified\":\"2023-07-25T14:47:55+00:00\",\"breadcrumb\":{\"@id\":\"https:\/\/fontemaggiobedandbreakfast.it\/de\/natur-umgebung-und-unterhaltung-3\/#breadcrumb\"},\"inLanguage\":\"de\",\"potentialAction\":[{\"@type\":\"ReadAction\",\"target\":[\"https:\/\/fontemaggiobedandbreakfast.it\/de\/natur-umgebung-und-unterhaltung-3\/\"]}]},{\"@type\":\"BreadcrumbList\",\"@id\":\"https:\/\/fontemaggiobedandbreakfast.it\/de\/natur-umgebung-und-unterhaltung-3\/#breadcrumb\",\"itemListElement\":[{\"@type\":\"ListItem\",\"position\":1,\"name\":\"Home\",\"item\":\"https:\/\/fontemaggiobedandbreakfast.it\/de\/\"},{\"@type\":\"ListItem\",\"position\":2,\"name\":\"Offida, Stadt des L\u00e4chelns\"}]},{\"@type\":\"WebSite\",\"@id\":\"https:\/\/fontemaggiobedandbreakfast.it\/de\/#website\",\"url\":\"https:\/\/fontemaggiobedandbreakfast.it\/de\/\",\"name\":\"Dimora Fontemaggio\",\"description\":\"\",\"potentialAction\":[{\"@type\":\"SearchAction\",\"target\":{\"@type\":\"EntryPoint\",\"urlTemplate\":\"https:\/\/fontemaggiobedandbreakfast.it\/de\/?s={search_term_string}\"},\"query-input\":{\"@type\":\"PropertyValueSpecification\",\"valueRequired\":true,\"valueName\":\"search_term_string\"}}],\"inLanguage\":\"de\"}]}<\/script>\n<!-- \/ Yoast SEO plugin. -->","yoast_head_json":{"title":"Offida, Stadt des L\u00e4chelns - Dimora Fontemaggio","robots":{"index":"index","follow":"follow","max-snippet":"max-snippet:-1","max-image-preview":"max-image-preview:large","max-video-preview":"max-video-preview:-1"},"canonical":"https:\/\/fontemaggiobedandbreakfast.it\/de\/natur-umgebung-und-unterhaltung-3\/","og_locale":"de_DE","og_type":"article","og_title":"Offida, Stadt des L\u00e4chelns - Dimora Fontemaggio","og_url":"https:\/\/fontemaggiobedandbreakfast.it\/de\/natur-umgebung-und-unterhaltung-3\/","og_site_name":"Dimora Fontemaggio","article_modified_time":"2023-07-25T14:47:55+00:00","twitter_card":"summary_large_image","twitter_misc":{"Gesch\u00e4tzte Lesezeit":"6\u00a0Minuten"},"schema":{"@context":"https:\/\/schema.org","@graph":[{"@type":"WebPage","@id":"https:\/\/fontemaggiobedandbreakfast.it\/de\/natur-umgebung-und-unterhaltung-3\/","url":"https:\/\/fontemaggiobedandbreakfast.it\/de\/natur-umgebung-und-unterhaltung-3\/","name":"Offida, Stadt des L\u00e4chelns - Dimora Fontemaggio","isPartOf":{"@id":"https:\/\/fontemaggiobedandbreakfast.it\/de\/#website"},"datePublished":"2023-07-20T14:57:57+00:00","dateModified":"2023-07-25T14:47:55+00:00","breadcrumb":{"@id":"https:\/\/fontemaggiobedandbreakfast.it\/de\/natur-umgebung-und-unterhaltung-3\/#breadcrumb"},"inLanguage":"de","potentialAction":[{"@type":"ReadAction","target":["https:\/\/fontemaggiobedandbreakfast.it\/de\/natur-umgebung-und-unterhaltung-3\/"]}]},{"@type":"BreadcrumbList","@id":"https:\/\/fontemaggiobedandbreakfast.it\/de\/natur-umgebung-und-unterhaltung-3\/#breadcrumb","itemListElement":[{"@type":"ListItem","position":1,"name":"Home","item":"https:\/\/fontemaggiobedandbreakfast.it\/de\/"},{"@type":"ListItem","position":2,"name":"Offida, Stadt des L\u00e4chelns"}]},{"@type":"WebSite","@id":"https:\/\/fontemaggiobedandbreakfast.it\/de\/#website","url":"https:\/\/fontemaggiobedandbreakfast.it\/de\/","name":"Dimora Fontemaggio","description":"","potentialAction":[{"@type":"SearchAction","target":{"@type":"EntryPoint","urlTemplate":"https:\/\/fontemaggiobedandbreakfast.it\/de\/?s={search_term_string}"},"query-input":{"@type":"PropertyValueSpecification","valueRequired":true,"valueName":"search_term_string"}}],"inLanguage":"de"}]}},"_links":{"self":[{"href":"https:\/\/fontemaggiobedandbreakfast.it\/de\/wp-json\/wp\/v2\/pages\/1104","targetHints":{"allow":["GET"]}}],"collection":[{"href":"https:\/\/fontemaggiobedandbreakfast.it\/de\/wp-json\/wp\/v2\/pages"}],"about":[{"href":"https:\/\/fontemaggiobedandbreakfast.it\/de\/wp-json\/wp\/v2\/types\/page"}],"author":[{"embeddable":true,"href":"https:\/\/fontemaggiobedandbreakfast.it\/de\/wp-json\/wp\/v2\/users\/1"}],"replies":[{"embeddable":true,"href":"https:\/\/fontemaggiobedandbreakfast.it\/de\/wp-json\/wp\/v2\/comments?post=1104"}],"version-history":[{"count":5,"href":"https:\/\/fontemaggiobedandbreakfast.it\/de\/wp-json\/wp\/v2\/pages\/1104\/revisions"}],"predecessor-version":[{"id":1365,"href":"https:\/\/fontemaggiobedandbreakfast.it\/de\/wp-json\/wp\/v2\/pages\/1104\/revisions\/1365"}],"wp:attachment":[{"href":"https:\/\/fontemaggiobedandbreakfast.it\/de\/wp-json\/wp\/v2\/media?parent=1104"}],"curies":[{"name":"wp","href":"https:\/\/api.w.org\/{rel}","templated":true}]}}